{"id":2951,"date":"2021-05-12T13:09:31","date_gmt":"2021-05-12T11:09:31","guid":{"rendered":"https:\/\/cssf.uwr.edu.pl\/?page_id=2951"},"modified":"2021-05-12T13:09:31","modified_gmt":"2021-05-12T11:09:31","slug":"polityka-prywatnosci-uniwersytetu-wroclawskiego","status":"publish","type":"page","link":"https:\/\/cssf.uwr.edu.pl\/pl\/polityka-prywatnosci-uniwersytetu-wroclawskiego\/","title":{"rendered":"Polityka prywatno\u015bci"},"content":{"rendered":"\n<div class=\"wp-block-bonasoft-modular-breadcrumbs-block\"><div class=\"bs_add_breadcrumb_trail\"><\/div><\/div>\n\n\n<h2 class=\"has-text-align-center bs-naglowek-podstrony wp-block-heading\"><strong>Polityka prywatno\u015bci Uniwersytetu Wroc\u0142awskiego<\/strong><\/h2>\n\n\n<h3 class=\"has-text-align-center wp-block-heading\"><strong>Zgodnie z Za\u0142\u0105cznikiem Nr 2 do Regulaminu serwis\u00f3w informacyjnych UWr<br \/>do Zarz\u0105dzenia Nr 142\/2019 Rektora Uniwersytetu Wroc\u0142awskiego z dnia 19 listopada 2019 r.<\/strong><\/h3>\n\n\n<h3 class=\"wp-block-heading\"><strong><u>I. Informacje o przetwarzaniu danych osobowych w serwisach Uniwersytetu Wroc\u0142awskiego<\/u><\/strong><strong><u><\/u><\/strong><\/h3>\n\n\n<p>1. Uniwersytet Wroc\u0142awski przywi\u0105zuje szczeg\u00f3ln\u0105 wag\u0119 do poszanowania prywatno\u015bci, w tym prywatno\u015bci u\u017cytkownik\u00f3w odwiedzaj\u0105cych serwisy internetowe Uczelni.<\/p>\n\n\n<p>2. Uniwersytet Wroc\u0142awski ma siedzib\u0119 przy pl. Uniwersyteckim 1, 50-137 Wroc\u0142aw i jest administratorem danych, w rozumieniu RODO (Rozporz\u0105dzenie Parlamentu Europejskiego i Rady (UE) 2016\/679 z dnia 27 kwietnia 2016 r. w sprawie ochrony os\u00f3b fizycznych w zwi\u0105zku z przetwarzaniem danych osobowych i w sprawie swobodnego przep\u0142ywu takich danych oraz uchylenia dyrektywy 95\/46\/WE), zobowi\u0105zanym do zapewnienia, aby przetwarzanie danych osobowych u\u017cytkownika serwisu internetowego UWr odbywa\u0142o si\u0119 zgodnie z przepisami.<\/p>\n\n\n<p>3. W Uczelni powo\u0142any zosta\u0142 inspektor ochrony danych, z kt\u00f3rym mo\u017cna si\u0119 skontaktowa\u0107 poprzez adres e-mail: IOD@uwr.edu.pl.<\/p>\n\n\n<p>4. Je\u015bli podczas korzystania z serwis\u00f3w internetowych UWr gromadzone s\u0105 jakiekolwiek dane, kt\u00f3re uzna\u0107 mo\u017cna za dane osobowe, w\u00f3wczas Uczelnia przestrzega zasad wskazanych przez RODO oraz inne przepisy dotycz\u0105ce ochrony danych, a w szczeg\u00f3lno\u015bci dba o to, aby:<\/p>\n\n\n<p><br \/>1) przetwarzane odbywa\u0142o si\u0119 zgodnie z prawem, rzetelnie i w spos\u00f3b przejrzysty, a w pozyskiwaniu danych przy\u015bwieca\u0142y konkretne, uzasadnione cele;<br \/>2) gromadzi\u0107 jedynie niezb\u0119dne i prawid\u0142owe dane i tylko na taki czas, jaki jest konieczny;<br \/>3) przetwarzanie danych osobowych odbywa\u0142o si\u0119 w spos\u00f3b bezpieczny, oparty na ocenie ryzyka.<\/p>\n\n\n<p>5. Dane u\u017cytkownika serwisu internetowego UWr mog\u0105 by\u0107 przekazywane jedynie osobom upowa\u017cnionym, sprawdzonym podmiotom, z kt\u00f3rymi zosta\u0142y zawarte stosowne umowy oraz podmiotom uprawnionym do ich uzyskania na podstawie obowi\u0105zuj\u0105cego prawa.<\/p>\n\n\n<p>6. Uniwersytet Wroc\u0142awski dba o to, aby ka\u017cda osoba dzia\u0142aj\u0105ca z upowa\u017cnienia Uczelni maj\u0105ca dost\u0119p do danych osobowych przetwarza\u0142a je wy\u0142\u0105cznie na polecenie Uczelni.<\/p>\n\n\n<p>7. Uniwersytet Wroc\u0142awski podejmuje niezb\u0119dne dzia\u0142ania, aby prawa u\u017cytkownika serwisu internetowego UWr, odnosz\u0105ce si\u0119 do przetwarzania danych osobowych, by\u0142y w\u0142a\u015bciwie spe\u0142niane, a w szczeg\u00f3lno\u015bci aby:<\/p>\n\n\n<p><br \/>1) komunikacja odbywa\u0142a si\u0119 w spos\u00f3b przejrzysty;<br \/>2) udzielane by\u0142y w\u0142a\u015bciwe informacje i dost\u0119p do danych osobowych;<br \/>3) wype\u0142niane by\u0142y \u017c\u0105dania do kt\u00f3rych u\u017cytkownik serwisu internetowego UWr ma prawo, w tym sprostowania i usuwania danych oraz prawo sprzeciwu wobec przetwarzania danych.<\/p>\n\n\n<p>8. Uczelnia stara si\u0119 wykona\u0107 dobrze obowi\u0105zki przewidziane w RODO i innych przepisach dotycz\u0105cych ochrony danych, niemniej u\u017cytkownik serwisu internetowego UWr ma prawo wniesienia skargi do Prezesa Urz\u0119du Ochrony Danych Osobowych;<\/p>\n\n\n<h3 class=\"wp-block-heading\"><strong><u>II. Informacje o plikach cookie w serwisach Uniwersytetu Wroc\u0142awskiego.<\/u><\/strong><\/h3>\n\n\n<p>1. Dane prywatne na temat u\u017cytkownik\u00f3w nie s\u0105 rozpowszechniane i przekazywane innym podmiotom.<\/p>\n\n\n<p>2. Podczas odwiedzin naszej witryny mog\u0105 by\u0107 zapisywane pliki cookie, kt\u00f3re zawieraj\u0105 mi\u0119dzy innymi: numer IP u\u017cytkownika, dostawc\u0119 Internetu u\u017cytkownika, spos\u00f3b poruszania si\u0119 u\u017cytkownika po naszej witrynie (np. jakie zak\u0142adki otwiera), nazw\u0119 przegl\u0105darki, z kt\u00f3rej korzysta.<\/p>\n\n\n<p>3. Pliki cookie u\u017cytkownik mo\u017ce zdezaktywowa\u0107 lub ca\u0142kowicie wy\u0142\u0105czy\u0107 w opcjach swojej przegl\u0105darki, uniemo\u017cliwi to zalogowanie si\u0119 do strony, gdy\u017c funkcjonalno\u015b\u0107 ta wymaga dzia\u0142aj\u0105cych ciasteczek<\/p>\n\n\n<p>4. Liczba odwiedzin na naszej stronie internetowej jest monitorowana przez Google Analytics, w celu gromadzenia danych o popularno\u015bci naszej witryny i sposobie korzystania z niej. Akceptuj\u0105c nasz\u0105 polityk\u0119 plik\u00f3w cookie, u\u017cytkownik zgadza si\u0119 na analiz\u0119 swoich danych przez Google Analytics.<\/p>\n","protected":false},"excerpt":{"rendered":"<p>Polityka prywatno\u015bci Uniwersytetu Wroc\u0142awskiego Zgodnie z Za\u0142\u0105cznikiem Nr 2 do Regulaminu serwis\u00f3w informacyjnych UWrdo Zarz\u0105dzenia Nr 142\/2019 Rektora Uniwersytetu Wroc\u0142awskiego z dnia 19 listopada 2019 r. I. Informacje o przetwarzaniu danych osobowych w serwisach Uniwersytetu Wroc\u0142awskiego 1. Uniwersytet Wroc\u0142awski przywi\u0105zuje szczeg\u00f3ln\u0105 wag\u0119 do poszanowania prywatno\u015bci, w tym prywatno\u015bci u\u017cytkownik\u00f3w odwiedzaj\u0105cych serwisy internetowe Uczelni. 2. Uniwersytet [&hellip;]<\/p>\n","protected":false},"author":20,"featured_media":0,"parent":0,"menu_order":0,"comment_status":"closed","ping_status":"closed","template":"","meta":{"_acf_changed":false,"inline_featured_image":false,"site-sidebar-layout":"default","site-content-layout":"default","ast-site-content-layout":"default","site-content-style":"default","site-sidebar-style":"default","ast-global-header-display":"","ast-banner-title-visibility":"","ast-main-header-display":"disabled","ast-hfb-above-header-display":"disabled","ast-hfb-below-header-display":"","ast-hfb-mobile-header-display":"","site-post-title":"disabled","ast-breadcrumbs-content":"","ast-featured-img":"disabled","footer-sml-layout":"","ast-disable-related-posts":"","theme-transparent-header-meta":"default","adv-header-id-meta":"","stick-header-meta":"","header-above-stick-meta":"","header-main-stick-meta":"","header-below-stick-meta":"","astra-migrate-meta-layouts":"default","ast-page-background-enabled":"default","ast-page-background-meta":{"desktop":{"background-color":"","background-image":"","background-repeat":"repeat","background-position":"center center","background-size":"auto","background-attachment":"scroll","background-type":"","background-media":"","overlay-type":"","overlay-color":"","overlay-opacity":"","overlay-gradient":""},"tablet":{"background-color":"","background-image":"","background-repeat":"repeat","background-position":"center center","background-size":"auto","background-attachment":"scroll","background-type":"","background-media":"","overlay-type":"","overlay-color":"","overlay-opacity":"","overlay-gradient":""},"mobile":{"background-color":"","background-image":"","background-repeat":"repeat","background-position":"center center","background-size":"auto","background-attachment":"scroll","background-type":"","background-media":"","overlay-type":"","overlay-color":"","overlay-opacity":"","overlay-gradient":""}},"ast-content-background-meta":{"desktop":{"background-color":"var(--ast-global-color-5)","background-image":"","background-repeat":"repeat","background-position":"center center","background-size":"auto","background-attachment":"scroll","background-type":"","background-media":"","overlay-type":"","overlay-color":"","overlay-opacity":"","overlay-gradient":""},"tablet":{"background-color":"var(--ast-global-color-5)","background-image":"","background-repeat":"repeat","background-position":"center center","background-size":"auto","background-attachment":"scroll","background-type":"","background-media":"","overlay-type":"","overlay-color":"","overlay-opacity":"","overlay-gradient":""},"mobile":{"background-color":"var(--ast-global-color-5)","background-image":"","background-repeat":"repeat","background-position":"center center","background-size":"auto","background-attachment":"scroll","background-type":"","background-media":"","overlay-type":"","overlay-color":"","overlay-opacity":"","overlay-gradient":""}},"footnotes":""},"categories":[],"tags":[],"class_list":["post-2951","page","type-page","status-publish","hentry"],"featured_image_urls_v2":{"full":"","thumbnail":"","medium":"","medium_large":"","large":"","1536x1536":"","2048x2048":"","menu-24x24":"","menu-36x36":"","menu-48x48":""},"post_excerpt_stackable_v2":"<p>Polityka prywatno\u015bci Uniwersytetu Wroc\u0142awskiego Zgodnie z Za\u0142\u0105cznikiem Nr 2 do Regulaminu serwis\u00f3w informacyjnych UWrdo Zarz\u0105dzenia Nr 142\/2019 Rektora Uniwersytetu Wroc\u0142awskiego z dnia 19 listopada 2019 r. I. Informacje o przetwarzaniu danych osobowych w serwisach Uniwersytetu Wroc\u0142awskiego 1. Uniwersytet Wroc\u0142awski przywi\u0105zuje szczeg\u00f3ln\u0105 wag\u0119 do poszanowania prywatno\u015bci, w tym prywatno\u015bci u\u017cytkownik\u00f3w odwiedzaj\u0105cych serwisy internetowe Uczelni. 2. Uniwersytet Wroc\u0142awski ma siedzib\u0119 przy pl. Uniwersyteckim 1, 50-137 Wroc\u0142aw i jest administratorem danych, w rozumieniu RODO (Rozporz\u0105dzenie Parlamentu Europejskiego i Rady (UE) 2016\/679 z dnia 27 kwietnia 2016 r. w sprawie ochrony os\u00f3b fizycznych w zwi\u0105zku z przetwarzaniem danych osobowych i w sprawie swobodnego przep\u0142ywu&hellip;<\/p>\n","category_list_v2":"Bez kategorii","author_info_v2":{"name":"mmatlinski","url":"https:\/\/cssf.uwr.edu.pl\/pl\/author\/mmatlinski\/"},"comments_num_v2":"0 comments","acf":[],"yoast_head":"<!-- This site is optimized with the Yoast SEO plugin v27.1.1 - https:\/\/yoast.com\/product\/yoast-seo-wordpress\/ -->\n<title>Polityka prywatno\u015bci - The Center for Simulations of Superdense Fluids - Centrum Symulacji Superg\u0119stych P\u0142yn\u00f3w<\/title>\n<meta name=\"robots\" content=\"index, follow, max-snippet:-1, max-image-preview:large, max-video-preview:-1\" \/>\n<link rel=\"canonical\" href=\"https:\/\/cssf.uwr.edu.pl\/pl\/polityka-prywatnosci-uniwersytetu-wroclawskiego\/\" \/>\n<meta property=\"og:locale\" content=\"pl_PL\" \/>\n<meta property=\"og:type\" content=\"article\" \/>\n<meta property=\"og:title\" content=\"Polityka prywatno\u015bci - The Center for Simulations of Superdense Fluids - Centrum Symulacji Superg\u0119stych P\u0142yn\u00f3w\" \/>\n<meta property=\"og:description\" content=\"Polityka prywatno\u015bci Uniwersytetu Wroc\u0142awskiego Zgodnie z Za\u0142\u0105cznikiem Nr 2 do Regulaminu serwis\u00f3w informacyjnych UWrdo Zarz\u0105dzenia Nr 142\/2019 Rektora Uniwersytetu Wroc\u0142awskiego z dnia 19 listopada 2019 r. I. Informacje o przetwarzaniu danych osobowych w serwisach Uniwersytetu Wroc\u0142awskiego 1. Uniwersytet Wroc\u0142awski przywi\u0105zuje szczeg\u00f3ln\u0105 wag\u0119 do poszanowania prywatno\u015bci, w tym prywatno\u015bci u\u017cytkownik\u00f3w odwiedzaj\u0105cych serwisy internetowe Uczelni. 2. Uniwersytet [&hellip;]\" \/>\n<meta property=\"og:url\" content=\"https:\/\/cssf.uwr.edu.pl\/pl\/polityka-prywatnosci-uniwersytetu-wroclawskiego\/\" \/>\n<meta property=\"og:site_name\" content=\"The Center for Simulations of Superdense Fluids - Centrum Symulacji Superg\u0119stych P\u0142yn\u00f3w\" \/>\n<meta name=\"twitter:card\" content=\"summary_large_image\" \/>\n<meta name=\"twitter:label1\" content=\"Szacowany czas czytania\" \/>\n\t<meta name=\"twitter:data1\" content=\"3 minuty\" \/>\n<script type=\"application\/ld+json\" class=\"yoast-schema-graph\">{\"@context\":\"https:\/\/schema.org\",\"@graph\":[{\"@type\":\"WebPage\",\"@id\":\"https:\/\/cssf.uwr.edu.pl\/pl\/polityka-prywatnosci-uniwersytetu-wroclawskiego\/\",\"url\":\"https:\/\/cssf.uwr.edu.pl\/pl\/polityka-prywatnosci-uniwersytetu-wroclawskiego\/\",\"name\":\"Polityka prywatno\u015bci - The Center for Simulations of Superdense Fluids - Centrum Symulacji Superg\u0119stych P\u0142yn\u00f3w\",\"isPartOf\":{\"@id\":\"https:\/\/cssf.uwr.edu.pl\/pl\/#website\"},\"datePublished\":\"2021-05-12T11:09:31+00:00\",\"breadcrumb\":{\"@id\":\"https:\/\/cssf.uwr.edu.pl\/pl\/polityka-prywatnosci-uniwersytetu-wroclawskiego\/#breadcrumb\"},\"inLanguage\":\"pl-PL\",\"potentialAction\":[{\"@type\":\"ReadAction\",\"target\":[\"https:\/\/cssf.uwr.edu.pl\/pl\/polityka-prywatnosci-uniwersytetu-wroclawskiego\/\"]}]},{\"@type\":\"BreadcrumbList\",\"@id\":\"https:\/\/cssf.uwr.edu.pl\/pl\/polityka-prywatnosci-uniwersytetu-wroclawskiego\/#breadcrumb\",\"itemListElement\":[{\"@type\":\"ListItem\",\"position\":1,\"name\":\"Strona g\u0142\u00f3wna\",\"item\":\"https:\/\/cssf.uwr.edu.pl\/pl\/\"},{\"@type\":\"ListItem\",\"position\":2,\"name\":\"Polityka prywatno\u015bci\"}]},{\"@type\":\"WebSite\",\"@id\":\"https:\/\/cssf.uwr.edu.pl\/pl\/#website\",\"url\":\"https:\/\/cssf.uwr.edu.pl\/pl\/\",\"name\":\"The Center for Simulations of Superdense Fluids - Centrum Symulacji Superg\u0119stych P\u0142yn\u00f3w\",\"description\":\"Kolejna witryna sieci \u201eUWR Witryny\u201d\",\"publisher\":{\"@id\":\"https:\/\/cssf.uwr.edu.pl\/pl\/#organization\"},\"potentialAction\":[{\"@type\":\"SearchAction\",\"target\":{\"@type\":\"EntryPoint\",\"urlTemplate\":\"https:\/\/cssf.uwr.edu.pl\/pl\/?s={search_term_string}\"},\"query-input\":{\"@type\":\"PropertyValueSpecification\",\"valueRequired\":true,\"valueName\":\"search_term_string\"}}],\"inLanguage\":\"pl-PL\"},{\"@type\":\"Organization\",\"@id\":\"https:\/\/cssf.uwr.edu.pl\/pl\/#organization\",\"name\":\"The Center for Simulations of Superdense Fluids - Centrum Symulacji Superg\u0119stych P\u0142yn\u00f3w\",\"url\":\"https:\/\/cssf.uwr.edu.pl\/pl\/\",\"logo\":{\"@type\":\"ImageObject\",\"inLanguage\":\"pl-PL\",\"@id\":\"https:\/\/cssf.uwr.edu.pl\/pl\/#\/schema\/logo\/image\/\",\"url\":\"https:\/\/cssf.uwr.edu.pl\/wp-content\/uploads\/sites\/276\/2025\/10\/UWr-logotyp-2025.png\",\"contentUrl\":\"https:\/\/cssf.uwr.edu.pl\/wp-content\/uploads\/sites\/276\/2025\/10\/UWr-logotyp-2025.png\",\"width\":764,\"height\":269,\"caption\":\"The Center for Simulations of Superdense Fluids - Centrum Symulacji Superg\u0119stych P\u0142yn\u00f3w\"},\"image\":{\"@id\":\"https:\/\/cssf.uwr.edu.pl\/pl\/#\/schema\/logo\/image\/\"}}]}<\/script>\n<!-- \/ Yoast SEO plugin. -->","yoast_head_json":{"title":"Polityka prywatno\u015bci - The Center for Simulations of Superdense Fluids - Centrum Symulacji Superg\u0119stych P\u0142yn\u00f3w","robots":{"index":"index","follow":"follow","max-snippet":"max-snippet:-1","max-image-preview":"max-image-preview:large","max-video-preview":"max-video-preview:-1"},"canonical":"https:\/\/cssf.uwr.edu.pl\/pl\/polityka-prywatnosci-uniwersytetu-wroclawskiego\/","og_locale":"pl_PL","og_type":"article","og_title":"Polityka prywatno\u015bci - The Center for Simulations of Superdense Fluids - Centrum Symulacji Superg\u0119stych P\u0142yn\u00f3w","og_description":"Polityka prywatno\u015bci Uniwersytetu Wroc\u0142awskiego Zgodnie z Za\u0142\u0105cznikiem Nr 2 do Regulaminu serwis\u00f3w informacyjnych UWrdo Zarz\u0105dzenia Nr 142\/2019 Rektora Uniwersytetu Wroc\u0142awskiego z dnia 19 listopada 2019 r. I. Informacje o przetwarzaniu danych osobowych w serwisach Uniwersytetu Wroc\u0142awskiego 1. Uniwersytet Wroc\u0142awski przywi\u0105zuje szczeg\u00f3ln\u0105 wag\u0119 do poszanowania prywatno\u015bci, w tym prywatno\u015bci u\u017cytkownik\u00f3w odwiedzaj\u0105cych serwisy internetowe Uczelni. 2. Uniwersytet [&hellip;]","og_url":"https:\/\/cssf.uwr.edu.pl\/pl\/polityka-prywatnosci-uniwersytetu-wroclawskiego\/","og_site_name":"The Center for Simulations of Superdense Fluids - Centrum Symulacji Superg\u0119stych P\u0142yn\u00f3w","twitter_card":"summary_large_image","twitter_misc":{"Szacowany czas czytania":"3 minuty"},"schema":{"@context":"https:\/\/schema.org","@graph":[{"@type":"WebPage","@id":"https:\/\/cssf.uwr.edu.pl\/pl\/polityka-prywatnosci-uniwersytetu-wroclawskiego\/","url":"https:\/\/cssf.uwr.edu.pl\/pl\/polityka-prywatnosci-uniwersytetu-wroclawskiego\/","name":"Polityka prywatno\u015bci - The Center for Simulations of Superdense Fluids - Centrum Symulacji Superg\u0119stych P\u0142yn\u00f3w","isPartOf":{"@id":"https:\/\/cssf.uwr.edu.pl\/pl\/#website"},"datePublished":"2021-05-12T11:09:31+00:00","breadcrumb":{"@id":"https:\/\/cssf.uwr.edu.pl\/pl\/polityka-prywatnosci-uniwersytetu-wroclawskiego\/#breadcrumb"},"inLanguage":"pl-PL","potentialAction":[{"@type":"ReadAction","target":["https:\/\/cssf.uwr.edu.pl\/pl\/polityka-prywatnosci-uniwersytetu-wroclawskiego\/"]}]},{"@type":"BreadcrumbList","@id":"https:\/\/cssf.uwr.edu.pl\/pl\/polityka-prywatnosci-uniwersytetu-wroclawskiego\/#breadcrumb","itemListElement":[{"@type":"ListItem","position":1,"name":"Strona g\u0142\u00f3wna","item":"https:\/\/cssf.uwr.edu.pl\/pl\/"},{"@type":"ListItem","position":2,"name":"Polityka prywatno\u015bci"}]},{"@type":"WebSite","@id":"https:\/\/cssf.uwr.edu.pl\/pl\/#website","url":"https:\/\/cssf.uwr.edu.pl\/pl\/","name":"The Center for Simulations of Superdense Fluids - Centrum Symulacji Superg\u0119stych P\u0142yn\u00f3w","description":"Kolejna witryna sieci \u201eUWR Witryny\u201d","publisher":{"@id":"https:\/\/cssf.uwr.edu.pl\/pl\/#organization"},"potentialAction":[{"@type":"SearchAction","target":{"@type":"EntryPoint","urlTemplate":"https:\/\/cssf.uwr.edu.pl\/pl\/?s={search_term_string}"},"query-input":{"@type":"PropertyValueSpecification","valueRequired":true,"valueName":"search_term_string"}}],"inLanguage":"pl-PL"},{"@type":"Organization","@id":"https:\/\/cssf.uwr.edu.pl\/pl\/#organization","name":"The Center for Simulations of Superdense Fluids - Centrum Symulacji Superg\u0119stych P\u0142yn\u00f3w","url":"https:\/\/cssf.uwr.edu.pl\/pl\/","logo":{"@type":"ImageObject","inLanguage":"pl-PL","@id":"https:\/\/cssf.uwr.edu.pl\/pl\/#\/schema\/logo\/image\/","url":"https:\/\/cssf.uwr.edu.pl\/wp-content\/uploads\/sites\/276\/2025\/10\/UWr-logotyp-2025.png","contentUrl":"https:\/\/cssf.uwr.edu.pl\/wp-content\/uploads\/sites\/276\/2025\/10\/UWr-logotyp-2025.png","width":764,"height":269,"caption":"The Center for Simulations of Superdense Fluids - Centrum Symulacji Superg\u0119stych P\u0142yn\u00f3w"},"image":{"@id":"https:\/\/cssf.uwr.edu.pl\/pl\/#\/schema\/logo\/image\/"}}]}},"publishpress_future_action":{"enabled":false,"date":"2026-04-20 19:00:09","action":"change-status","newStatus":"draft","terms":[],"taxonomy":"category","extraData":[]},"publishpress_future_workflow_manual_trigger":{"enabledWorkflows":[]},"_links":{"self":[{"href":"https:\/\/cssf.uwr.edu.pl\/pl\/wp-json\/wp\/v2\/pages\/2951","targetHints":{"allow":["GET"]}}],"collection":[{"href":"https:\/\/cssf.uwr.edu.pl\/pl\/wp-json\/wp\/v2\/pages"}],"about":[{"href":"https:\/\/cssf.uwr.edu.pl\/pl\/wp-json\/wp\/v2\/types\/page"}],"author":[{"embeddable":true,"href":"https:\/\/cssf.uwr.edu.pl\/pl\/wp-json\/wp\/v2\/users\/20"}],"replies":[{"embeddable":true,"href":"https:\/\/cssf.uwr.edu.pl\/pl\/wp-json\/wp\/v2\/comments?post=2951"}],"version-history":[{"count":0,"href":"https:\/\/cssf.uwr.edu.pl\/pl\/wp-json\/wp\/v2\/pages\/2951\/revisions"}],"wp:attachment":[{"href":"https:\/\/cssf.uwr.edu.pl\/pl\/wp-json\/wp\/v2\/media?parent=2951"}],"wp:term":[{"taxonomy":"category","embeddable":true,"href":"https:\/\/cssf.uwr.edu.pl\/pl\/wp-json\/wp\/v2\/categories?post=2951"},{"taxonomy":"post_tag","embeddable":true,"href":"https:\/\/cssf.uwr.edu.pl\/pl\/wp-json\/wp\/v2\/tags?post=2951"}],"curies":[{"name":"wp","href":"https:\/\/api.w.org\/{rel}","templated":true}]}}