{"id":24354,"date":"2024-04-15T17:51:59","date_gmt":"2024-04-15T15:51:59","guid":{"rendered":"https:\/\/cssf.uwr.edu.pl\/?page_id=24354"},"modified":"2024-04-23T15:47:27","modified_gmt":"2024-04-23T13:47:27","slug":"credentials","status":"publish","type":"page","link":"https:\/\/cssf.uwr.edu.pl\/pl\/credentials\/","title":{"rendered":"credentials"},"content":{"rendered":"\n<div class=\"wp-block-stackable-columns stk-block-columns stk-block stk-b6c96b2\" data-block-id=\"b6c96b2\"><div class=\"stk-row stk-inner-blocks stk-block-content stk-content-align stk-b6c96b2-column\">\n<div class=\"wp-block-stackable-column stk-block-column stk-column stk-block stk-45f558e\" data-v=\"4\" data-block-id=\"45f558e\"><div class=\"stk-column-wrapper stk-block-column__content stk-container stk-45f558e-container stk--no-background stk--no-padding\"><div class=\"stk-block-content stk-inner-blocks stk-45f558e-inner-blocks\">\n<figure class=\"wp-block-image aligncenter size-large\"><img loading=\"lazy\" decoding=\"async\" width=\"1024\" height=\"594\" src=\"https:\/\/cssf.uwr.edu.pl\/wp-content\/uploads\/sites\/276\/2024\/04\/kana-120-1024x594.png\" alt=\"our mascot studying a heavy-ion collision\" class=\"wp-image-24357\" srcset=\"https:\/\/cssf.uwr.edu.pl\/wp-content\/uploads\/sites\/276\/2024\/04\/kana-120-1024x594.png 1024w, https:\/\/cssf.uwr.edu.pl\/wp-content\/uploads\/sites\/276\/2024\/04\/kana-120-300x174.png 300w, https:\/\/cssf.uwr.edu.pl\/wp-content\/uploads\/sites\/276\/2024\/04\/kana-120-768x445.png 768w, https:\/\/cssf.uwr.edu.pl\/wp-content\/uploads\/sites\/276\/2024\/04\/kana-120-1320x765.png 1320w, https:\/\/cssf.uwr.edu.pl\/wp-content\/uploads\/sites\/276\/2024\/04\/kana-120-24x14.png 24w, https:\/\/cssf.uwr.edu.pl\/wp-content\/uploads\/sites\/276\/2024\/04\/kana-120-36x21.png 36w, https:\/\/cssf.uwr.edu.pl\/wp-content\/uploads\/sites\/276\/2024\/04\/kana-120-48x28.png 48w, https:\/\/cssf.uwr.edu.pl\/wp-content\/uploads\/sites\/276\/2024\/04\/kana-120.png 1390w\" sizes=\"auto, (max-width: 1024px) 100vw, 1024px\" \/><\/figure>\n\n\n\n<div class=\"wp-block-stackable-divider stk-block-divider stk-block stk-4e81c44\" data-block-id=\"4e81c44\"><style>.stk-4e81c44{margin-bottom:8px !important}<\/style><hr class=\"stk-block-divider__hr\"\/><\/div>\n\n\n\n<ul class=\"wp-block-list\">\n<li>Kana, our mascot, observing a heavy ion collision. We thank <a href=\"https:\/\/www.kip.uni-heidelberg.de\/people\/gruppe?gruppe=&amp;action=details&amp;num=75578\">Elizaveta Nazarova<\/a> for creating Kana, and <a href=\"https:\/\/www.jyu.fi\/en\/people\/harri-niemi\">Harri Niemi<\/a> for the original animation.<\/li>\n<\/ul>\n<\/div><\/div><\/div>\n\n\n\n<div class=\"wp-block-stackable-column stk-block-column stk-column stk-block stk-d8c6dbb\" data-v=\"4\" data-block-id=\"d8c6dbb\"><div class=\"stk-column-wrapper stk-block-column__content stk-container stk-d8c6dbb-container stk--no-background stk--no-padding\"><div class=\"stk-block-content stk-inner-blocks stk-d8c6dbb-inner-blocks\">\n<figure class=\"wp-block-image aligncenter size-large is-resized\"><img loading=\"lazy\" decoding=\"async\" width=\"1024\" height=\"318\" src=\"https:\/\/cssf.uwr.edu.pl\/wp-content\/uploads\/sites\/276\/2023\/09\/CSSF_logo-1024x318.png\" alt=\"incubator logo\" class=\"wp-image-23853\" style=\"width:292px;height:auto\" srcset=\"https:\/\/cssf.uwr.edu.pl\/wp-content\/uploads\/sites\/276\/2023\/09\/CSSF_logo-1024x318.png 1024w, https:\/\/cssf.uwr.edu.pl\/wp-content\/uploads\/sites\/276\/2023\/09\/CSSF_logo-300x93.png 300w, https:\/\/cssf.uwr.edu.pl\/wp-content\/uploads\/sites\/276\/2023\/09\/CSSF_logo-768x238.png 768w, https:\/\/cssf.uwr.edu.pl\/wp-content\/uploads\/sites\/276\/2023\/09\/CSSF_logo-1536x477.png 1536w, https:\/\/cssf.uwr.edu.pl\/wp-content\/uploads\/sites\/276\/2023\/09\/CSSF_logo-2048x636.png 2048w, https:\/\/cssf.uwr.edu.pl\/wp-content\/uploads\/sites\/276\/2023\/09\/CSSF_logo-1320x410.png 1320w, https:\/\/cssf.uwr.edu.pl\/wp-content\/uploads\/sites\/276\/2023\/09\/CSSF_logo-24x7.png 24w, https:\/\/cssf.uwr.edu.pl\/wp-content\/uploads\/sites\/276\/2023\/09\/CSSF_logo-36x11.png 36w, https:\/\/cssf.uwr.edu.pl\/wp-content\/uploads\/sites\/276\/2023\/09\/CSSF_logo-48x15.png 48w\" sizes=\"auto, (max-width: 1024px) 100vw, 1024px\" \/><\/figure>\n\n\n\n<div class=\"wp-block-stackable-divider stk-block-divider stk-block stk-b01ddef\" data-block-id=\"b01ddef\"><style>.stk-b01ddef{margin-bottom:8px !important}<\/style><hr class=\"stk-block-divider__hr\"\/><\/div>\n\n\n\n<ul class=\"wp-block-list\">\n<li>We thank <a href=\"https:\/\/www.instagram.com\/szelma92\/\">Aleksandra Niewczas<\/a> for creating our logo.<\/li>\n<\/ul>\n<\/div><\/div><\/div>\n\n\n\n<div class=\"wp-block-stackable-column stk-block-column stk-column stk-block stk-e7b8c17\" data-v=\"4\" data-block-id=\"e7b8c17\"><div class=\"stk-column-wrapper stk-block-column__content stk-container stk-e7b8c17-container stk--no-background stk--no-padding\"><div class=\"stk-block-content stk-inner-blocks stk-e7b8c17-inner-blocks\">\n<figure class=\"wp-block-image size-full\"><img loading=\"lazy\" decoding=\"async\" width=\"848\" height=\"636\" src=\"https:\/\/cssf.uwr.edu.pl\/wp-content\/uploads\/sites\/276\/2024\/03\/Muffin-Smash2.png\" alt=\"collision of muffins\" class=\"wp-image-24264\" srcset=\"https:\/\/cssf.uwr.edu.pl\/wp-content\/uploads\/sites\/276\/2024\/03\/Muffin-Smash2.png 848w, https:\/\/cssf.uwr.edu.pl\/wp-content\/uploads\/sites\/276\/2024\/03\/Muffin-Smash2-300x225.png 300w, https:\/\/cssf.uwr.edu.pl\/wp-content\/uploads\/sites\/276\/2024\/03\/Muffin-Smash2-768x576.png 768w, https:\/\/cssf.uwr.edu.pl\/wp-content\/uploads\/sites\/276\/2024\/03\/Muffin-Smash2-24x18.png 24w, https:\/\/cssf.uwr.edu.pl\/wp-content\/uploads\/sites\/276\/2024\/03\/Muffin-Smash2-36x27.png 36w, https:\/\/cssf.uwr.edu.pl\/wp-content\/uploads\/sites\/276\/2024\/03\/Muffin-Smash2-48x36.png 48w\" sizes=\"auto, (max-width: 848px) 100vw, 848px\" \/><\/figure>\n\n\n\n<ul class=\"wp-block-list\">\n<li>&#8222;Collision of relativistic Muffins&#8221;, courtesy of Jakub Cimerman, created using AI tools.<\/li>\n<\/ul>\n<\/div><\/div><\/div>\n<\/div><\/div>\n","protected":false},"excerpt":{"rendered":"","protected":false},"author":1923,"featured_media":0,"parent":0,"menu_order":0,"comment_status":"closed","ping_status":"closed","template":"","meta":{"_acf_changed":false,"inline_featured_image":false,"site-sidebar-layout":"default","site-content-layout":"","ast-site-content-layout":"default","site-content-style":"default","site-sidebar-style":"default","ast-global-header-display":"","ast-banner-title-visibility":"","ast-main-header-display":"","ast-hfb-above-header-display":"","ast-hfb-below-header-display":"","ast-hfb-mobile-header-display":"","site-post-title":"","ast-breadcrumbs-content":"","ast-featured-img":"","footer-sml-layout":"","ast-disable-related-posts":"","theme-transparent-header-meta":"","adv-header-id-meta":"","stick-header-meta":"","header-above-stick-meta":"","header-main-stick-meta":"","header-below-stick-meta":"","astra-migrate-meta-layouts":"set","ast-page-background-enabled":"default","ast-page-background-meta":{"desktop":{"background-color":"","background-image":"","background-repeat":"repeat","background-position":"center center","background-size":"auto","background-attachment":"scroll","background-type":"","background-media":"","overlay-type":"","overlay-color":"","overlay-opacity":"","overlay-gradient":""},"tablet":{"background-color":"","background-image":"","background-repeat":"repeat","background-position":"center center","background-size":"auto","background-attachment":"scroll","background-type":"","background-media":"","overlay-type":"","overlay-color":"","overlay-opacity":"","overlay-gradient":""},"mobile":{"background-color":"","background-image":"","background-repeat":"repeat","background-position":"center center","background-size":"auto","background-attachment":"scroll","background-type":"","background-media":"","overlay-type":"","overlay-color":"","overlay-opacity":"","overlay-gradient":""}},"ast-content-background-meta":{"desktop":{"background-color":"var(--ast-global-color-5)","background-image":"","background-repeat":"repeat","background-position":"center center","background-size":"auto","background-attachment":"scroll","background-type":"","background-media":"","overlay-type":"","overlay-color":"","overlay-opacity":"","overlay-gradient":""},"tablet":{"background-color":"var(--ast-global-color-5)","background-image":"","background-repeat":"repeat","background-position":"center center","background-size":"auto","background-attachment":"scroll","background-type":"","background-media":"","overlay-type":"","overlay-color":"","overlay-opacity":"","overlay-gradient":""},"mobile":{"background-color":"var(--ast-global-color-5)","background-image":"","background-repeat":"repeat","background-position":"center center","background-size":"auto","background-attachment":"scroll","background-type":"","background-media":"","overlay-type":"","overlay-color":"","overlay-opacity":"","overlay-gradient":""}},"footnotes":""},"categories":[],"tags":[],"class_list":["post-24354","page","type-page","status-publish","hentry"],"featured_image_urls_v2":{"full":"","thumbnail":"","medium":"","medium_large":"","large":"","1536x1536":"","2048x2048":"","menu-24x24":"","menu-36x36":"","menu-48x48":""},"post_excerpt_stackable_v2":"<p>Kana, our mascot, observing a heavy ion collision. We thank Elizaveta Nazarova for creating Kana, and Harri Niemi for the original animation. We thank Aleksandra Niewczas for creating our logo. &#8222;Collision of relativistic Muffins&#8221;, courtesy of Jakub Cimerman, created using AI tools.<\/p>\n","category_list_v2":"Bez kategorii","author_info_v2":{"name":"phuovinen","url":"https:\/\/cssf.uwr.edu.pl\/pl\/author\/phuovinen\/"},"comments_num_v2":"0 comments","acf":[],"yoast_head":"<!-- This site is optimized with the Yoast SEO plugin v27.1.1 - https:\/\/yoast.com\/product\/yoast-seo-wordpress\/ -->\n<title>credentials - The Center for Simulations of Superdense Fluids - Centrum Symulacji Superg\u0119stych P\u0142yn\u00f3w<\/title>\n<meta name=\"robots\" content=\"index, follow, max-snippet:-1, max-image-preview:large, max-video-preview:-1\" \/>\n<link rel=\"canonical\" href=\"https:\/\/cssf.uwr.edu.pl\/pl\/credentials\/\" \/>\n<meta property=\"og:locale\" content=\"pl_PL\" \/>\n<meta property=\"og:type\" content=\"article\" \/>\n<meta property=\"og:title\" content=\"credentials - The Center for Simulations of Superdense Fluids - Centrum Symulacji Superg\u0119stych P\u0142yn\u00f3w\" \/>\n<meta property=\"og:url\" content=\"https:\/\/cssf.uwr.edu.pl\/pl\/credentials\/\" \/>\n<meta property=\"og:site_name\" content=\"The Center for Simulations of Superdense Fluids - Centrum Symulacji Superg\u0119stych P\u0142yn\u00f3w\" \/>\n<meta property=\"article:modified_time\" content=\"2024-04-23T13:47:27+00:00\" \/>\n<meta property=\"og:image\" content=\"https:\/\/cssf.uwr.edu.pl\/wp-content\/uploads\/sites\/276\/2024\/04\/kana-120-1024x594.png\" \/>\n<meta name=\"twitter:card\" content=\"summary_large_image\" \/>\n<meta name=\"twitter:label1\" content=\"Szacowany czas czytania\" \/>\n\t<meta name=\"twitter:data1\" content=\"1 minuta\" \/>\n<script type=\"application\/ld+json\" class=\"yoast-schema-graph\">{\"@context\":\"https:\/\/schema.org\",\"@graph\":[{\"@type\":\"WebPage\",\"@id\":\"https:\/\/cssf.uwr.edu.pl\/pl\/credentials\/\",\"url\":\"https:\/\/cssf.uwr.edu.pl\/pl\/credentials\/\",\"name\":\"credentials - The Center for Simulations of Superdense Fluids - Centrum Symulacji Superg\u0119stych P\u0142yn\u00f3w\",\"isPartOf\":{\"@id\":\"https:\/\/cssf.uwr.edu.pl\/pl\/#website\"},\"primaryImageOfPage\":{\"@id\":\"https:\/\/cssf.uwr.edu.pl\/pl\/credentials\/#primaryimage\"},\"image\":{\"@id\":\"https:\/\/cssf.uwr.edu.pl\/pl\/credentials\/#primaryimage\"},\"thumbnailUrl\":\"https:\/\/cssf.uwr.edu.pl\/wp-content\/uploads\/sites\/276\/2024\/04\/kana-120-1024x594.png\",\"datePublished\":\"2024-04-15T15:51:59+00:00\",\"dateModified\":\"2024-04-23T13:47:27+00:00\",\"breadcrumb\":{\"@id\":\"https:\/\/cssf.uwr.edu.pl\/pl\/credentials\/#breadcrumb\"},\"inLanguage\":\"pl-PL\",\"potentialAction\":[{\"@type\":\"ReadAction\",\"target\":[\"https:\/\/cssf.uwr.edu.pl\/pl\/credentials\/\"]}]},{\"@type\":\"ImageObject\",\"inLanguage\":\"pl-PL\",\"@id\":\"https:\/\/cssf.uwr.edu.pl\/pl\/credentials\/#primaryimage\",\"url\":\"https:\/\/cssf.uwr.edu.pl\/wp-content\/uploads\/sites\/276\/2024\/04\/kana-120-1024x594.png\",\"contentUrl\":\"https:\/\/cssf.uwr.edu.pl\/wp-content\/uploads\/sites\/276\/2024\/04\/kana-120-1024x594.png\"},{\"@type\":\"BreadcrumbList\",\"@id\":\"https:\/\/cssf.uwr.edu.pl\/pl\/credentials\/#breadcrumb\",\"itemListElement\":[{\"@type\":\"ListItem\",\"position\":1,\"name\":\"Strona g\u0142\u00f3wna\",\"item\":\"https:\/\/cssf.uwr.edu.pl\/pl\/\"},{\"@type\":\"ListItem\",\"position\":2,\"name\":\"credentials\"}]},{\"@type\":\"WebSite\",\"@id\":\"https:\/\/cssf.uwr.edu.pl\/pl\/#website\",\"url\":\"https:\/\/cssf.uwr.edu.pl\/pl\/\",\"name\":\"The Center for Simulations of Superdense Fluids - Centrum Symulacji Superg\u0119stych P\u0142yn\u00f3w\",\"description\":\"Kolejna witryna sieci \u201eUWR Witryny\u201d\",\"publisher\":{\"@id\":\"https:\/\/cssf.uwr.edu.pl\/pl\/#organization\"},\"potentialAction\":[{\"@type\":\"SearchAction\",\"target\":{\"@type\":\"EntryPoint\",\"urlTemplate\":\"https:\/\/cssf.uwr.edu.pl\/pl\/?s={search_term_string}\"},\"query-input\":{\"@type\":\"PropertyValueSpecification\",\"valueRequired\":true,\"valueName\":\"search_term_string\"}}],\"inLanguage\":\"pl-PL\"},{\"@type\":\"Organization\",\"@id\":\"https:\/\/cssf.uwr.edu.pl\/pl\/#organization\",\"name\":\"The Center for Simulations of Superdense Fluids - Centrum Symulacji Superg\u0119stych P\u0142yn\u00f3w\",\"url\":\"https:\/\/cssf.uwr.edu.pl\/pl\/\",\"logo\":{\"@type\":\"ImageObject\",\"inLanguage\":\"pl-PL\",\"@id\":\"https:\/\/cssf.uwr.edu.pl\/pl\/#\/schema\/logo\/image\/\",\"url\":\"https:\/\/cssf.uwr.edu.pl\/wp-content\/uploads\/sites\/276\/2025\/10\/UWr-logotyp-2025.png\",\"contentUrl\":\"https:\/\/cssf.uwr.edu.pl\/wp-content\/uploads\/sites\/276\/2025\/10\/UWr-logotyp-2025.png\",\"width\":764,\"height\":269,\"caption\":\"The Center for Simulations of Superdense Fluids - Centrum Symulacji Superg\u0119stych P\u0142yn\u00f3w\"},\"image\":{\"@id\":\"https:\/\/cssf.uwr.edu.pl\/pl\/#\/schema\/logo\/image\/\"}}]}<\/script>\n<!-- \/ Yoast SEO plugin. -->","yoast_head_json":{"title":"credentials - The Center for Simulations of Superdense Fluids - Centrum Symulacji Superg\u0119stych P\u0142yn\u00f3w","robots":{"index":"index","follow":"follow","max-snippet":"max-snippet:-1","max-image-preview":"max-image-preview:large","max-video-preview":"max-video-preview:-1"},"canonical":"https:\/\/cssf.uwr.edu.pl\/pl\/credentials\/","og_locale":"pl_PL","og_type":"article","og_title":"credentials - The Center for Simulations of Superdense Fluids - Centrum Symulacji Superg\u0119stych P\u0142yn\u00f3w","og_url":"https:\/\/cssf.uwr.edu.pl\/pl\/credentials\/","og_site_name":"The Center for Simulations of Superdense Fluids - Centrum Symulacji Superg\u0119stych P\u0142yn\u00f3w","article_modified_time":"2024-04-23T13:47:27+00:00","og_image":[{"url":"https:\/\/cssf.uwr.edu.pl\/wp-content\/uploads\/sites\/276\/2024\/04\/kana-120-1024x594.png","type":"","width":"","height":""}],"twitter_card":"summary_large_image","twitter_misc":{"Szacowany czas czytania":"1 minuta"},"schema":{"@context":"https:\/\/schema.org","@graph":[{"@type":"WebPage","@id":"https:\/\/cssf.uwr.edu.pl\/pl\/credentials\/","url":"https:\/\/cssf.uwr.edu.pl\/pl\/credentials\/","name":"credentials - The Center for Simulations of Superdense Fluids - Centrum Symulacji Superg\u0119stych P\u0142yn\u00f3w","isPartOf":{"@id":"https:\/\/cssf.uwr.edu.pl\/pl\/#website"},"primaryImageOfPage":{"@id":"https:\/\/cssf.uwr.edu.pl\/pl\/credentials\/#primaryimage"},"image":{"@id":"https:\/\/cssf.uwr.edu.pl\/pl\/credentials\/#primaryimage"},"thumbnailUrl":"https:\/\/cssf.uwr.edu.pl\/wp-content\/uploads\/sites\/276\/2024\/04\/kana-120-1024x594.png","datePublished":"2024-04-15T15:51:59+00:00","dateModified":"2024-04-23T13:47:27+00:00","breadcrumb":{"@id":"https:\/\/cssf.uwr.edu.pl\/pl\/credentials\/#breadcrumb"},"inLanguage":"pl-PL","potentialAction":[{"@type":"ReadAction","target":["https:\/\/cssf.uwr.edu.pl\/pl\/credentials\/"]}]},{"@type":"ImageObject","inLanguage":"pl-PL","@id":"https:\/\/cssf.uwr.edu.pl\/pl\/credentials\/#primaryimage","url":"https:\/\/cssf.uwr.edu.pl\/wp-content\/uploads\/sites\/276\/2024\/04\/kana-120-1024x594.png","contentUrl":"https:\/\/cssf.uwr.edu.pl\/wp-content\/uploads\/sites\/276\/2024\/04\/kana-120-1024x594.png"},{"@type":"BreadcrumbList","@id":"https:\/\/cssf.uwr.edu.pl\/pl\/credentials\/#breadcrumb","itemListElement":[{"@type":"ListItem","position":1,"name":"Strona g\u0142\u00f3wna","item":"https:\/\/cssf.uwr.edu.pl\/pl\/"},{"@type":"ListItem","position":2,"name":"credentials"}]},{"@type":"WebSite","@id":"https:\/\/cssf.uwr.edu.pl\/pl\/#website","url":"https:\/\/cssf.uwr.edu.pl\/pl\/","name":"The Center for Simulations of Superdense Fluids - Centrum Symulacji Superg\u0119stych P\u0142yn\u00f3w","description":"Kolejna witryna sieci \u201eUWR Witryny\u201d","publisher":{"@id":"https:\/\/cssf.uwr.edu.pl\/pl\/#organization"},"potentialAction":[{"@type":"SearchAction","target":{"@type":"EntryPoint","urlTemplate":"https:\/\/cssf.uwr.edu.pl\/pl\/?s={search_term_string}"},"query-input":{"@type":"PropertyValueSpecification","valueRequired":true,"valueName":"search_term_string"}}],"inLanguage":"pl-PL"},{"@type":"Organization","@id":"https:\/\/cssf.uwr.edu.pl\/pl\/#organization","name":"The Center for Simulations of Superdense Fluids - Centrum Symulacji Superg\u0119stych P\u0142yn\u00f3w","url":"https:\/\/cssf.uwr.edu.pl\/pl\/","logo":{"@type":"ImageObject","inLanguage":"pl-PL","@id":"https:\/\/cssf.uwr.edu.pl\/pl\/#\/schema\/logo\/image\/","url":"https:\/\/cssf.uwr.edu.pl\/wp-content\/uploads\/sites\/276\/2025\/10\/UWr-logotyp-2025.png","contentUrl":"https:\/\/cssf.uwr.edu.pl\/wp-content\/uploads\/sites\/276\/2025\/10\/UWr-logotyp-2025.png","width":764,"height":269,"caption":"The Center for Simulations of Superdense Fluids - Centrum Symulacji Superg\u0119stych P\u0142yn\u00f3w"},"image":{"@id":"https:\/\/cssf.uwr.edu.pl\/pl\/#\/schema\/logo\/image\/"}}]}},"publishpress_future_action":{"enabled":false,"date":"2026-04-20 15:40:33","action":"change-status","newStatus":"draft","terms":[],"taxonomy":"category","extraData":[]},"publishpress_future_workflow_manual_trigger":{"enabledWorkflows":[]},"_links":{"self":[{"href":"https:\/\/cssf.uwr.edu.pl\/pl\/wp-json\/wp\/v2\/pages\/24354","targetHints":{"allow":["GET"]}}],"collection":[{"href":"https:\/\/cssf.uwr.edu.pl\/pl\/wp-json\/wp\/v2\/pages"}],"about":[{"href":"https:\/\/cssf.uwr.edu.pl\/pl\/wp-json\/wp\/v2\/types\/page"}],"author":[{"embeddable":true,"href":"https:\/\/cssf.uwr.edu.pl\/pl\/wp-json\/wp\/v2\/users\/1923"}],"replies":[{"embeddable":true,"href":"https:\/\/cssf.uwr.edu.pl\/pl\/wp-json\/wp\/v2\/comments?post=24354"}],"version-history":[{"count":10,"href":"https:\/\/cssf.uwr.edu.pl\/pl\/wp-json\/wp\/v2\/pages\/24354\/revisions"}],"predecessor-version":[{"id":24444,"href":"https:\/\/cssf.uwr.edu.pl\/pl\/wp-json\/wp\/v2\/pages\/24354\/revisions\/24444"}],"wp:attachment":[{"href":"https:\/\/cssf.uwr.edu.pl\/pl\/wp-json\/wp\/v2\/media?parent=24354"}],"wp:term":[{"taxonomy":"category","embeddable":true,"href":"https:\/\/cssf.uwr.edu.pl\/pl\/wp-json\/wp\/v2\/categories?post=24354"},{"taxonomy":"post_tag","embeddable":true,"href":"https:\/\/cssf.uwr.edu.pl\/pl\/wp-json\/wp\/v2\/tags?post=24354"}],"curies":[{"name":"wp","href":"https:\/\/api.w.org\/{rel}","templated":true}]}}