{"id":24153,"date":"2024-03-26T01:04:02","date_gmt":"2024-03-26T00:04:02","guid":{"rendered":"https:\/\/cssf.uwr.edu.pl\/?page_id=24153"},"modified":"2024-04-17T13:37:59","modified_gmt":"2024-04-17T11:37:59","slug":"incubator","status":"publish","type":"page","link":"https:\/\/cssf.uwr.edu.pl\/pl\/incubator\/","title":{"rendered":"Incubator"},"content":{"rendered":"\n<div class=\"wp-block-stackable-columns stk-block-columns stk-block stk-bd0ae89\" data-block-id=\"bd0ae89\"><style>.stk-bd0ae89{margin-bottom:4px !important}<\/style><div class=\"stk-row stk-inner-blocks stk-block-content stk-content-align stk-bd0ae89-column\">\n<div class=\"wp-block-stackable-column stk-block-column stk-column stk-block stk-fc78f5d\" data-v=\"4\" data-block-id=\"fc78f5d\"><div class=\"stk-column-wrapper stk-block-column__content stk-container stk-fc78f5d-container stk--no-background stk--no-padding\"><div class=\"stk-block-content stk-inner-blocks stk-fc78f5d-inner-blocks\">\n<figure class=\"wp-block-image size-large\"><img loading=\"lazy\" decoding=\"async\" width=\"1024\" height=\"601\" src=\"https:\/\/cssf.uwr.edu.pl\/wp-content\/uploads\/sites\/276\/2024\/04\/phases-first-try7-1024x601.png\" alt=\"phase diagram\" class=\"wp-image-24330\" title=\"'Here be dragons' means unexplored territory, in imitation of medieval practice of putting illustrations of dragons on uncharted areas of maps (source: Wikipedia).\" srcset=\"https:\/\/cssf.uwr.edu.pl\/wp-content\/uploads\/sites\/276\/2024\/04\/phases-first-try7-1024x601.png 1024w, https:\/\/cssf.uwr.edu.pl\/wp-content\/uploads\/sites\/276\/2024\/04\/phases-first-try7-300x176.png 300w, https:\/\/cssf.uwr.edu.pl\/wp-content\/uploads\/sites\/276\/2024\/04\/phases-first-try7-768x451.png 768w, https:\/\/cssf.uwr.edu.pl\/wp-content\/uploads\/sites\/276\/2024\/04\/phases-first-try7-1536x902.png 1536w, https:\/\/cssf.uwr.edu.pl\/wp-content\/uploads\/sites\/276\/2024\/04\/phases-first-try7-1320x775.png 1320w, https:\/\/cssf.uwr.edu.pl\/wp-content\/uploads\/sites\/276\/2024\/04\/phases-first-try7-24x14.png 24w, https:\/\/cssf.uwr.edu.pl\/wp-content\/uploads\/sites\/276\/2024\/04\/phases-first-try7-36x21.png 36w, https:\/\/cssf.uwr.edu.pl\/wp-content\/uploads\/sites\/276\/2024\/04\/phases-first-try7-48x28.png 48w, https:\/\/cssf.uwr.edu.pl\/wp-content\/uploads\/sites\/276\/2024\/04\/phases-first-try7.png 2043w\" sizes=\"auto, (max-width: 1024px) 100vw, 1024px\" \/><\/figure>\n<\/div><\/div><\/div>\n\n\n\n<div class=\"wp-block-stackable-column stk-block-column stk-column stk-block stk-142cee8\" data-v=\"4\" data-block-id=\"142cee8\"><div class=\"stk-column-wrapper stk-block-column__content stk-container stk-142cee8-container stk--no-background stk--no-padding\"><div class=\"stk-block-content stk-inner-blocks stk-142cee8-inner-blocks\">\n<h2 class=\"wp-block-heading\">Centre for Simulations of Superdense Fluids<\/h2>\n\n\n\n<p>The research in the Centre is focused on understading the properties of strongly interacting, i.e. nuclear, matter is extreme temperatures and densities. In particular we employ fluid-dynamical models to describe the evolution of matter formed in ultrarelativistic heavy-ion collisions (at LHC, RHIC, SPS and FAIR), and various effective models to calculate the properties of the matter in the vicinity and beyond the chiral and deconfinement transitions.<\/p>\n\n\n\n<p>Based on lattice QCD calculations we know that at sufficiently high temperatures strongly interacting matter no longer consists of hadrons, but of free, although interacting, quarks and gluons instead. We also know that at low baryon densities like in early universe or in collisions at LHC and at full RHIC energy, the transition from hadrons to quarks and gluons (i.e. quark-gluon plasma) is a smooth crossover. On the other hand, it is expected that at large density and low temperature the transition would be a first order phase transition, in which case there must be a critical endpoint somewhere in the phase diagram. <\/p>\n\n\n\n<p>The BES program at RHIC as well as collisions at SPS and fortcoming experiments at FAIR probe the region of the phase diagram where the critical endpoint might exist. Even if the fluid-dynamical models have been extremely successful in modeling the collisions at LHC and full RHIC energies, they are not directly applicable to collisions at lower energies because the timescales of the primary collisions and subsequent rescatterings overlap. Therefore the main project of the Centre is to develope a new, dissipative implementation of so-called <a href=\"https:\/\/cssf.uwr.edu.pl\/our-products\/\">three-fluid model<\/a> which can describe the entire collision process from primary collisions to hadronisation. This part of the project we carry out in collaboration with <a href=\"https:\/\/orcid.org\/0000-0001-7873-4029\">dr Iurii Karpenko<\/a> and his group at the <a href=\"https:\/\/www.fjfi.cvut.cz\/en\/\">Czech Technical University in Prague<\/a>. <\/p>\n<\/div><\/div><\/div>\n<\/div><\/div>\n","protected":false},"excerpt":{"rendered":"<p>Centre for Simulations of Superdense Fluids The research in the Centre is focused on understading the properties of strongly interacting, i.e. nuclear, matter is extreme temperatures and densities. In particular we employ fluid-dynamical models to describe the evolution of matter formed in ultrarelativistic heavy-ion collisions (at LHC, RHIC, SPS and FAIR), and various effective models [&hellip;]<\/p>\n","protected":false},"author":1923,"featured_media":0,"parent":0,"menu_order":0,"comment_status":"closed","ping_status":"closed","template":"","meta":{"_acf_changed":false,"inline_featured_image":false,"site-sidebar-layout":"default","site-content-layout":"","ast-site-content-layout":"default","site-content-style":"default","site-sidebar-style":"default","ast-global-header-display":"","ast-banner-title-visibility":"","ast-main-header-display":"","ast-hfb-above-header-display":"","ast-hfb-below-header-display":"","ast-hfb-mobile-header-display":"","site-post-title":"","ast-breadcrumbs-content":"","ast-featured-img":"","footer-sml-layout":"","ast-disable-related-posts":"","theme-transparent-header-meta":"","adv-header-id-meta":"","stick-header-meta":"","header-above-stick-meta":"","header-main-stick-meta":"","header-below-stick-meta":"","astra-migrate-meta-layouts":"set","ast-page-background-enabled":"default","ast-page-background-meta":{"desktop":{"background-color":"","background-image":"","background-repeat":"repeat","background-position":"center center","background-size":"auto","background-attachment":"scroll","background-type":"","background-media":"","overlay-type":"","overlay-color":"","overlay-opacity":"","overlay-gradient":""},"tablet":{"background-color":"","background-image":"","background-repeat":"repeat","background-position":"center center","background-size":"auto","background-attachment":"scroll","background-type":"","background-media":"","overlay-type":"","overlay-color":"","overlay-opacity":"","overlay-gradient":""},"mobile":{"background-color":"","background-image":"","background-repeat":"repeat","background-position":"center center","background-size":"auto","background-attachment":"scroll","background-type":"","background-media":"","overlay-type":"","overlay-color":"","overlay-opacity":"","overlay-gradient":""}},"ast-content-background-meta":{"desktop":{"background-color":"var(--ast-global-color-5)","background-image":"","background-repeat":"repeat","background-position":"center center","background-size":"auto","background-attachment":"scroll","background-type":"","background-media":"","overlay-type":"","overlay-color":"","overlay-opacity":"","overlay-gradient":""},"tablet":{"background-color":"var(--ast-global-color-5)","background-image":"","background-repeat":"repeat","background-position":"center center","background-size":"auto","background-attachment":"scroll","background-type":"","background-media":"","overlay-type":"","overlay-color":"","overlay-opacity":"","overlay-gradient":""},"mobile":{"background-color":"var(--ast-global-color-5)","background-image":"","background-repeat":"repeat","background-position":"center center","background-size":"auto","background-attachment":"scroll","background-type":"","background-media":"","overlay-type":"","overlay-color":"","overlay-opacity":"","overlay-gradient":""}},"footnotes":""},"categories":[],"tags":[],"class_list":["post-24153","page","type-page","status-publish","hentry"],"featured_image_urls_v2":{"full":"","thumbnail":"","medium":"","medium_large":"","large":"","1536x1536":"","2048x2048":"","menu-24x24":"","menu-36x36":"","menu-48x48":""},"post_excerpt_stackable_v2":"<p>Centre for Simulations of Superdense Fluids The research in the Centre is focused on understading the properties of strongly interacting, i.e. nuclear, matter is extreme temperatures and densities. In particular we employ fluid-dynamical models to describe the evolution of matter formed in ultrarelativistic heavy-ion collisions (at LHC, RHIC, SPS and FAIR), and various effective models to calculate the properties of the matter in the vicinity and beyond the chiral and deconfinement transitions. Based on lattice QCD calculations we know that at sufficiently high temperatures strongly interacting matter no longer consists of hadrons, but of free, although interacting, quarks and gluons&hellip;<\/p>\n","category_list_v2":"Bez kategorii","author_info_v2":{"name":"phuovinen","url":"https:\/\/cssf.uwr.edu.pl\/pl\/author\/phuovinen\/"},"comments_num_v2":"0 comments","acf":[],"yoast_head":"<!-- This site is optimized with the Yoast SEO plugin v27.1.1 - https:\/\/yoast.com\/product\/yoast-seo-wordpress\/ -->\n<title>Incubator - The Center for Simulations of Superdense Fluids - Centrum Symulacji Superg\u0119stych P\u0142yn\u00f3w<\/title>\n<meta name=\"robots\" content=\"index, follow, max-snippet:-1, max-image-preview:large, max-video-preview:-1\" \/>\n<link rel=\"canonical\" href=\"https:\/\/cssf.uwr.edu.pl\/pl\/incubator\/\" \/>\n<meta property=\"og:locale\" content=\"pl_PL\" \/>\n<meta property=\"og:type\" content=\"article\" \/>\n<meta property=\"og:title\" content=\"Incubator - The Center for Simulations of Superdense Fluids - Centrum Symulacji Superg\u0119stych P\u0142yn\u00f3w\" \/>\n<meta property=\"og:description\" content=\"Centre for Simulations of Superdense Fluids The research in the Centre is focused on understading the properties of strongly interacting, i.e. nuclear, matter is extreme temperatures and densities. In particular we employ fluid-dynamical models to describe the evolution of matter formed in ultrarelativistic heavy-ion collisions (at LHC, RHIC, SPS and FAIR), and various effective models [&hellip;]\" \/>\n<meta property=\"og:url\" content=\"https:\/\/cssf.uwr.edu.pl\/pl\/incubator\/\" \/>\n<meta property=\"og:site_name\" content=\"The Center for Simulations of Superdense Fluids - Centrum Symulacji Superg\u0119stych P\u0142yn\u00f3w\" \/>\n<meta property=\"article:modified_time\" content=\"2024-04-17T11:37:59+00:00\" \/>\n<meta property=\"og:image\" content=\"https:\/\/cssf.uwr.edu.pl\/wp-content\/uploads\/sites\/276\/2024\/04\/phases-first-try7-1024x601.png\" \/>\n<meta name=\"twitter:card\" content=\"summary_large_image\" \/>\n<meta name=\"twitter:label1\" content=\"Szacowany czas czytania\" \/>\n\t<meta name=\"twitter:data1\" content=\"2 minuty\" \/>\n<script type=\"application\/ld+json\" class=\"yoast-schema-graph\">{\"@context\":\"https:\/\/schema.org\",\"@graph\":[{\"@type\":\"WebPage\",\"@id\":\"https:\/\/cssf.uwr.edu.pl\/pl\/incubator\/\",\"url\":\"https:\/\/cssf.uwr.edu.pl\/pl\/incubator\/\",\"name\":\"Incubator - The Center for Simulations of Superdense Fluids - Centrum Symulacji Superg\u0119stych P\u0142yn\u00f3w\",\"isPartOf\":{\"@id\":\"https:\/\/cssf.uwr.edu.pl\/pl\/#website\"},\"primaryImageOfPage\":{\"@id\":\"https:\/\/cssf.uwr.edu.pl\/pl\/incubator\/#primaryimage\"},\"image\":{\"@id\":\"https:\/\/cssf.uwr.edu.pl\/pl\/incubator\/#primaryimage\"},\"thumbnailUrl\":\"https:\/\/cssf.uwr.edu.pl\/wp-content\/uploads\/sites\/276\/2024\/04\/phases-first-try7-1024x601.png\",\"datePublished\":\"2024-03-26T00:04:02+00:00\",\"dateModified\":\"2024-04-17T11:37:59+00:00\",\"breadcrumb\":{\"@id\":\"https:\/\/cssf.uwr.edu.pl\/pl\/incubator\/#breadcrumb\"},\"inLanguage\":\"pl-PL\",\"potentialAction\":[{\"@type\":\"ReadAction\",\"target\":[\"https:\/\/cssf.uwr.edu.pl\/pl\/incubator\/\"]}]},{\"@type\":\"ImageObject\",\"inLanguage\":\"pl-PL\",\"@id\":\"https:\/\/cssf.uwr.edu.pl\/pl\/incubator\/#primaryimage\",\"url\":\"https:\/\/cssf.uwr.edu.pl\/wp-content\/uploads\/sites\/276\/2024\/04\/phases-first-try7-1024x601.png\",\"contentUrl\":\"https:\/\/cssf.uwr.edu.pl\/wp-content\/uploads\/sites\/276\/2024\/04\/phases-first-try7-1024x601.png\"},{\"@type\":\"BreadcrumbList\",\"@id\":\"https:\/\/cssf.uwr.edu.pl\/pl\/incubator\/#breadcrumb\",\"itemListElement\":[{\"@type\":\"ListItem\",\"position\":1,\"name\":\"Strona g\u0142\u00f3wna\",\"item\":\"https:\/\/cssf.uwr.edu.pl\/pl\/\"},{\"@type\":\"ListItem\",\"position\":2,\"name\":\"Incubator\"}]},{\"@type\":\"WebSite\",\"@id\":\"https:\/\/cssf.uwr.edu.pl\/pl\/#website\",\"url\":\"https:\/\/cssf.uwr.edu.pl\/pl\/\",\"name\":\"The Center for Simulations of Superdense Fluids - Centrum Symulacji Superg\u0119stych P\u0142yn\u00f3w\",\"description\":\"Kolejna witryna sieci \u201eUWR Witryny\u201d\",\"publisher\":{\"@id\":\"https:\/\/cssf.uwr.edu.pl\/pl\/#organization\"},\"potentialAction\":[{\"@type\":\"SearchAction\",\"target\":{\"@type\":\"EntryPoint\",\"urlTemplate\":\"https:\/\/cssf.uwr.edu.pl\/pl\/?s={search_term_string}\"},\"query-input\":{\"@type\":\"PropertyValueSpecification\",\"valueRequired\":true,\"valueName\":\"search_term_string\"}}],\"inLanguage\":\"pl-PL\"},{\"@type\":\"Organization\",\"@id\":\"https:\/\/cssf.uwr.edu.pl\/pl\/#organization\",\"name\":\"The Center for Simulations of Superdense Fluids - Centrum Symulacji Superg\u0119stych P\u0142yn\u00f3w\",\"url\":\"https:\/\/cssf.uwr.edu.pl\/pl\/\",\"logo\":{\"@type\":\"ImageObject\",\"inLanguage\":\"pl-PL\",\"@id\":\"https:\/\/cssf.uwr.edu.pl\/pl\/#\/schema\/logo\/image\/\",\"url\":\"https:\/\/cssf.uwr.edu.pl\/wp-content\/uploads\/sites\/276\/2025\/10\/UWr-logotyp-2025.png\",\"contentUrl\":\"https:\/\/cssf.uwr.edu.pl\/wp-content\/uploads\/sites\/276\/2025\/10\/UWr-logotyp-2025.png\",\"width\":764,\"height\":269,\"caption\":\"The Center for Simulations of Superdense Fluids - Centrum Symulacji Superg\u0119stych P\u0142yn\u00f3w\"},\"image\":{\"@id\":\"https:\/\/cssf.uwr.edu.pl\/pl\/#\/schema\/logo\/image\/\"}}]}<\/script>\n<!-- \/ Yoast SEO plugin. -->","yoast_head_json":{"title":"Incubator - The Center for Simulations of Superdense Fluids - Centrum Symulacji Superg\u0119stych P\u0142yn\u00f3w","robots":{"index":"index","follow":"follow","max-snippet":"max-snippet:-1","max-image-preview":"max-image-preview:large","max-video-preview":"max-video-preview:-1"},"canonical":"https:\/\/cssf.uwr.edu.pl\/pl\/incubator\/","og_locale":"pl_PL","og_type":"article","og_title":"Incubator - The Center for Simulations of Superdense Fluids - Centrum Symulacji Superg\u0119stych P\u0142yn\u00f3w","og_description":"Centre for Simulations of Superdense Fluids The research in the Centre is focused on understading the properties of strongly interacting, i.e. nuclear, matter is extreme temperatures and densities. In particular we employ fluid-dynamical models to describe the evolution of matter formed in ultrarelativistic heavy-ion collisions (at LHC, RHIC, SPS and FAIR), and various effective models [&hellip;]","og_url":"https:\/\/cssf.uwr.edu.pl\/pl\/incubator\/","og_site_name":"The Center for Simulations of Superdense Fluids - Centrum Symulacji Superg\u0119stych P\u0142yn\u00f3w","article_modified_time":"2024-04-17T11:37:59+00:00","og_image":[{"url":"https:\/\/cssf.uwr.edu.pl\/wp-content\/uploads\/sites\/276\/2024\/04\/phases-first-try7-1024x601.png","type":"","width":"","height":""}],"twitter_card":"summary_large_image","twitter_misc":{"Szacowany czas czytania":"2 minuty"},"schema":{"@context":"https:\/\/schema.org","@graph":[{"@type":"WebPage","@id":"https:\/\/cssf.uwr.edu.pl\/pl\/incubator\/","url":"https:\/\/cssf.uwr.edu.pl\/pl\/incubator\/","name":"Incubator - The Center for Simulations of Superdense Fluids - Centrum Symulacji Superg\u0119stych P\u0142yn\u00f3w","isPartOf":{"@id":"https:\/\/cssf.uwr.edu.pl\/pl\/#website"},"primaryImageOfPage":{"@id":"https:\/\/cssf.uwr.edu.pl\/pl\/incubator\/#primaryimage"},"image":{"@id":"https:\/\/cssf.uwr.edu.pl\/pl\/incubator\/#primaryimage"},"thumbnailUrl":"https:\/\/cssf.uwr.edu.pl\/wp-content\/uploads\/sites\/276\/2024\/04\/phases-first-try7-1024x601.png","datePublished":"2024-03-26T00:04:02+00:00","dateModified":"2024-04-17T11:37:59+00:00","breadcrumb":{"@id":"https:\/\/cssf.uwr.edu.pl\/pl\/incubator\/#breadcrumb"},"inLanguage":"pl-PL","potentialAction":[{"@type":"ReadAction","target":["https:\/\/cssf.uwr.edu.pl\/pl\/incubator\/"]}]},{"@type":"ImageObject","inLanguage":"pl-PL","@id":"https:\/\/cssf.uwr.edu.pl\/pl\/incubator\/#primaryimage","url":"https:\/\/cssf.uwr.edu.pl\/wp-content\/uploads\/sites\/276\/2024\/04\/phases-first-try7-1024x601.png","contentUrl":"https:\/\/cssf.uwr.edu.pl\/wp-content\/uploads\/sites\/276\/2024\/04\/phases-first-try7-1024x601.png"},{"@type":"BreadcrumbList","@id":"https:\/\/cssf.uwr.edu.pl\/pl\/incubator\/#breadcrumb","itemListElement":[{"@type":"ListItem","position":1,"name":"Strona g\u0142\u00f3wna","item":"https:\/\/cssf.uwr.edu.pl\/pl\/"},{"@type":"ListItem","position":2,"name":"Incubator"}]},{"@type":"WebSite","@id":"https:\/\/cssf.uwr.edu.pl\/pl\/#website","url":"https:\/\/cssf.uwr.edu.pl\/pl\/","name":"The Center for Simulations of Superdense Fluids - Centrum Symulacji Superg\u0119stych P\u0142yn\u00f3w","description":"Kolejna witryna sieci \u201eUWR Witryny\u201d","publisher":{"@id":"https:\/\/cssf.uwr.edu.pl\/pl\/#organization"},"potentialAction":[{"@type":"SearchAction","target":{"@type":"EntryPoint","urlTemplate":"https:\/\/cssf.uwr.edu.pl\/pl\/?s={search_term_string}"},"query-input":{"@type":"PropertyValueSpecification","valueRequired":true,"valueName":"search_term_string"}}],"inLanguage":"pl-PL"},{"@type":"Organization","@id":"https:\/\/cssf.uwr.edu.pl\/pl\/#organization","name":"The Center for Simulations of Superdense Fluids - Centrum Symulacji Superg\u0119stych P\u0142yn\u00f3w","url":"https:\/\/cssf.uwr.edu.pl\/pl\/","logo":{"@type":"ImageObject","inLanguage":"pl-PL","@id":"https:\/\/cssf.uwr.edu.pl\/pl\/#\/schema\/logo\/image\/","url":"https:\/\/cssf.uwr.edu.pl\/wp-content\/uploads\/sites\/276\/2025\/10\/UWr-logotyp-2025.png","contentUrl":"https:\/\/cssf.uwr.edu.pl\/wp-content\/uploads\/sites\/276\/2025\/10\/UWr-logotyp-2025.png","width":764,"height":269,"caption":"The Center for Simulations of Superdense Fluids - Centrum Symulacji Superg\u0119stych P\u0142yn\u00f3w"},"image":{"@id":"https:\/\/cssf.uwr.edu.pl\/pl\/#\/schema\/logo\/image\/"}}]}},"publishpress_future_action":{"enabled":false,"date":"2026-04-20 15:36:32","action":"change-status","newStatus":"draft","terms":[],"taxonomy":"category","extraData":[]},"publishpress_future_workflow_manual_trigger":{"enabledWorkflows":[]},"_links":{"self":[{"href":"https:\/\/cssf.uwr.edu.pl\/pl\/wp-json\/wp\/v2\/pages\/24153","targetHints":{"allow":["GET"]}}],"collection":[{"href":"https:\/\/cssf.uwr.edu.pl\/pl\/wp-json\/wp\/v2\/pages"}],"about":[{"href":"https:\/\/cssf.uwr.edu.pl\/pl\/wp-json\/wp\/v2\/types\/page"}],"author":[{"embeddable":true,"href":"https:\/\/cssf.uwr.edu.pl\/pl\/wp-json\/wp\/v2\/users\/1923"}],"replies":[{"embeddable":true,"href":"https:\/\/cssf.uwr.edu.pl\/pl\/wp-json\/wp\/v2\/comments?post=24153"}],"version-history":[{"count":10,"href":"https:\/\/cssf.uwr.edu.pl\/pl\/wp-json\/wp\/v2\/pages\/24153\/revisions"}],"predecessor-version":[{"id":24438,"href":"https:\/\/cssf.uwr.edu.pl\/pl\/wp-json\/wp\/v2\/pages\/24153\/revisions\/24438"}],"wp:attachment":[{"href":"https:\/\/cssf.uwr.edu.pl\/pl\/wp-json\/wp\/v2\/media?parent=24153"}],"wp:term":[{"taxonomy":"category","embeddable":true,"href":"https:\/\/cssf.uwr.edu.pl\/pl\/wp-json\/wp\/v2\/categories?post=24153"},{"taxonomy":"post_tag","embeddable":true,"href":"https:\/\/cssf.uwr.edu.pl\/pl\/wp-json\/wp\/v2\/tags?post=24153"}],"curies":[{"name":"wp","href":"https:\/\/api.w.org\/{rel}","templated":true}]}}