{"id":24030,"date":"2024-03-21T17:40:33","date_gmt":"2024-03-21T16:40:33","guid":{"rendered":"https:\/\/cssf.uwr.edu.pl\/?page_id=24030"},"modified":"2024-04-02T15:28:14","modified_gmt":"2024-04-02T13:28:14","slug":"our-products","status":"publish","type":"page","link":"https:\/\/cssf.uwr.edu.pl\/pl\/our-products\/","title":{"rendered":"Our products"},"content":{"rendered":"\n<div class=\"wp-block-stackable-columns stk-block-columns stk-block stk-0041369\" data-block-id=\"0041369\"><div class=\"stk-row stk-inner-blocks stk-block-content stk-content-align stk-0041369-column\">\n<div class=\"wp-block-stackable-column stk-block-column stk-column stk-block stk-87733cc\" data-v=\"4\" data-block-id=\"87733cc\"><div class=\"stk-column-wrapper stk-block-column__content stk-container stk-87733cc-container stk--no-background stk--no-padding\"><div class=\"stk-block-content stk-inner-blocks stk-87733cc-inner-blocks\"><div class=\"n2-section-smartslider fitvidsignore  n2_clear\" data-ssid=\"30\"><div class=\"n2-ss-margin\" style=\"margin: 10px 10px 10px 10px;\"><div id=\"n2-ss-30-align\" class=\"n2-ss-align\"><div class=\"n2-padding\"><div id=\"n2-ss-30\" data-creator=\"Smart Slider 3\" data-responsive=\"auto\" class=\"n2-ss-slider n2-ow n2-has-hover n2notransition  \"><div class=\"n2-ss-slider-wrapper-inside\">\n        <div class=\"n2-ss-slider-1 n2_ss__touch_element n2-ow\">\n            <div class=\"n2-ss-slider-2 n2-ow\">\n                                                <div class=\"n2-ss-slider-3 n2-ow\">\n\n                    <div class=\"n2-ss-slide-backgrounds n2-ow-all\"><div class=\"n2-ss-slide-background\" data-public-id=\"1\" data-mode=\"fill\"><div class=\"n2-ss-slide-background-image\" data-blur=\"0\" data-opacity=\"100\" data-x=\"50\" data-y=\"50\" data-alt=\"\" data-title=\"\"><picture class=\"skip-lazy\" data-skip-lazy=\"1\"><img decoding=\"async\" src=\"\/\/cssf.uwr.edu.pl\/wp-content\/uploads\/sites\/276\/2024\/03\/Muffin-Smash2.png\" alt=\"\" title=\"\" loading=\"lazy\" class=\"skip-lazy\" data-skip-lazy=\"1\"><\/picture><\/div><div data-color=\"RGBA(255,255,255,0)\" style=\"background-color: RGBA(255,255,255,0);\" class=\"n2-ss-slide-background-color\"><\/div><\/div><div class=\"n2-ss-slide-background\" data-public-id=\"2\" data-mode=\"fill\" aria-hidden=\"true\"><div class=\"n2-ss-slide-background-image\" data-blur=\"0\" data-opacity=\"100\" data-x=\"50\" data-y=\"50\" data-alt=\"\" data-title=\"\"><picture class=\"skip-lazy\" data-skip-lazy=\"1\"><img decoding=\"async\" src=\"\/\/cssf.uwr.edu.pl\/wp-content\/uploads\/sites\/276\/2024\/03\/cornelius2.png\" alt=\"\" title=\"\" loading=\"lazy\" class=\"skip-lazy\" data-skip-lazy=\"1\"><\/picture><\/div><div data-color=\"RGBA(255,255,255,0)\" style=\"background-color: RGBA(255,255,255,0);\" class=\"n2-ss-slide-background-color\"><\/div><\/div><div class=\"n2-ss-slide-background\" data-public-id=\"3\" data-mode=\"fill\" aria-hidden=\"true\"><div class=\"n2-ss-slide-background-image\" data-blur=\"0\" data-opacity=\"100\" data-x=\"50\" data-y=\"50\" data-alt=\"\" data-title=\"\"><picture class=\"skip-lazy\" data-skip-lazy=\"1\"><img decoding=\"async\" src=\"\/\/cssf.uwr.edu.pl\/wp-content\/uploads\/sites\/276\/2024\/03\/trace2.png\" alt=\"\" title=\"\" loading=\"lazy\" class=\"skip-lazy\" data-skip-lazy=\"1\"><\/picture><\/div><div data-color=\"RGBA(255,255,255,0)\" style=\"background-color: RGBA(255,255,255,0);\" class=\"n2-ss-slide-background-color\"><\/div><\/div><\/div>                    <div class=\"n2-ss-slider-4 n2-ow\">\n                        <svg xmlns=\"http:\/\/www.w3.org\/2000\/svg\" viewBox=\"0 0 880 636\" data-related-device=\"desktopPortrait\" class=\"n2-ow n2-ss-preserve-size n2-ss-preserve-size--slider n2-ss-slide-limiter\"><\/svg><div data-first=\"1\" data-slide-duration=\"0\" data-id=\"135\" data-slide-public-id=\"1\" data-title=\"Muffin-Smash2\" class=\"n2-ss-slide n2-ow  n2-ss-slide-135\"><div role=\"note\" class=\"n2-ss-slide--focus\" tabindex=\"-1\">Muffin-Smash2<\/div><div class=\"n2-ss-layers-container n2-ss-slide-limiter n2-ow\"><div class=\"n2-ss-layer n2-ow n-uc-U3J4VvrKuD5t\" data-sstype=\"slide\" data-pm=\"default\"><\/div><\/div><\/div><div data-slide-duration=\"0\" data-id=\"138\" data-slide-public-id=\"2\" aria-hidden=\"true\" data-title=\"cornelius2\" class=\"n2-ss-slide n2-ow  n2-ss-slide-138\"><div role=\"note\" class=\"n2-ss-slide--focus\" tabindex=\"-1\">cornelius2<\/div><div class=\"n2-ss-layers-container n2-ss-slide-limiter n2-ow\"><div class=\"n2-ss-layer n2-ow n-uc-vcoJuvIbqWSt\" data-sstype=\"slide\" data-pm=\"default\"><\/div><\/div><\/div><div data-slide-duration=\"0\" data-id=\"141\" data-slide-public-id=\"3\" aria-hidden=\"true\" data-title=\"trace2\" class=\"n2-ss-slide n2-ow  n2-ss-slide-141\"><div role=\"note\" class=\"n2-ss-slide--focus\" tabindex=\"-1\">trace2<\/div><div class=\"n2-ss-layers-container n2-ss-slide-limiter n2-ow\"><div class=\"n2-ss-layer n2-ow n-uc-LDnQCAFqa4zj\" data-sstype=\"slide\" data-pm=\"default\"><\/div><\/div><\/div>                    <\/div>\n\n                                    <\/div>\n            <\/div>\n        <\/div>\n        <div class=\"n2-ss-slider-controls n2-ss-slider-controls-absolute-left-center\"><div style=\"--widget-offset:15px;\" class=\"n2-ss-widget nextend-arrow n2-ow-all nextend-arrow-previous  nextend-arrow-animated-fade\" data-hide-mobileportrait=\"1\" id=\"n2-ss-30-arrow-previous\" role=\"button\" aria-label=\"previous arrow\" tabindex=\"0\"><img loading=\"lazy\" decoding=\"async\" width=\"32\" height=\"32\" class=\"skip-lazy\" data-skip-lazy=\"1\" src=\"data:image\/svg+xml;base64,PHN2ZyB3aWR0aD0iMzIiIGhlaWdodD0iMzIiIHZpZXdCb3g9IjAgMCAzMiAzMiIgeG1sbnM9Imh0dHA6Ly93d3cudzMub3JnLzIwMDAvc3ZnIj4KICAgIDxwYXRoIGQ9Ik0xMS40MzMgMTUuOTkyTDIyLjY5IDUuNzEyYy4zOTMtLjM5LjM5My0xLjAzIDAtMS40Mi0uMzkzLS4zOS0xLjAzLS4zOS0xLjQyMyAwbC0xMS45OCAxMC45NGMtLjIxLjIxLS4zLjQ5LS4yODUuNzYtLjAxNS4yOC4wNzUuNTYuMjg0Ljc3bDExLjk4IDEwLjk0Yy4zOTMuMzkgMS4wMy4zOSAxLjQyNCAwIC4zOTMtLjQuMzkzLTEuMDMgMC0xLjQybC0xMS4yNTctMTAuMjkiCiAgICAgICAgICBmaWxsPSIjZmZmZmZmIiBvcGFjaXR5PSIwLjgiIGZpbGwtcnVsZT0iZXZlbm9kZCIvPgo8L3N2Zz4=\" alt=\"previous arrow\"><\/div><\/div><div class=\"n2-ss-slider-controls n2-ss-slider-controls-absolute-right-center\"><div style=\"--widget-offset:15px;\" class=\"n2-ss-widget nextend-arrow n2-ow-all nextend-arrow-next  nextend-arrow-animated-fade\" data-hide-mobileportrait=\"1\" id=\"n2-ss-30-arrow-next\" role=\"button\" aria-label=\"next arrow\" tabindex=\"0\"><img loading=\"lazy\" decoding=\"async\" width=\"32\" height=\"32\" class=\"skip-lazy\" data-skip-lazy=\"1\" src=\"data:image\/svg+xml;base64,PHN2ZyB3aWR0aD0iMzIiIGhlaWdodD0iMzIiIHZpZXdCb3g9IjAgMCAzMiAzMiIgeG1sbnM9Imh0dHA6Ly93d3cudzMub3JnLzIwMDAvc3ZnIj4KICAgIDxwYXRoIGQ9Ik0xMC43MjIgNC4yOTNjLS4zOTQtLjM5LTEuMDMyLS4zOS0xLjQyNyAwLS4zOTMuMzktLjM5MyAxLjAzIDAgMS40MmwxMS4yODMgMTAuMjgtMTEuMjgzIDEwLjI5Yy0uMzkzLjM5LS4zOTMgMS4wMiAwIDEuNDIuMzk1LjM5IDEuMDMzLjM5IDEuNDI3IDBsMTIuMDA3LTEwLjk0Yy4yMS0uMjEuMy0uNDkuMjg0LS43Ny4wMTQtLjI3LS4wNzYtLjU1LS4yODYtLjc2TDEwLjcyIDQuMjkzeiIKICAgICAgICAgIGZpbGw9IiNmZmZmZmYiIG9wYWNpdHk9IjAuOCIgZmlsbC1ydWxlPSJldmVub2RkIi8+Cjwvc3ZnPg==\" alt=\"next arrow\"><\/div><\/div><\/div><\/div><ss3-loader><\/ss3-loader><\/div><\/div><div class=\"n2_clear\"><\/div><\/div><\/div><\/div><\/div><\/div>\n\n\n\n<div class=\"wp-block-stackable-column stk-block-column stk-column stk-block stk-cd22a15\" data-v=\"4\" data-block-id=\"cd22a15\"><div class=\"stk-column-wrapper stk-block-column__content stk-container stk-cd22a15-container stk--no-background stk--no-padding\"><div class=\"stk-block-content stk-inner-blocks stk-cd22a15-inner-blocks\">\n<h2 class=\"wp-block-heading\">Our products<\/h2>\n\n\n\n<p>Besides our three-fluid code, we have collected here some other tools we hope to be useful to the community.<\/p>\n\n\n\n<ul class=\"wp-block-list\">\n<li><strong><a href=\"https:\/\/github.com\/jakubcimerman\/vhlle\/tree\/3FH\">MUFFIN<\/a><\/strong>, MUlti-Fluid simulation for Fast IoN collisions, the development version of our three-fluid code for modeling heavy-ion collisions at RHIC BES energies, see <a href=\"https:\/\/inspirehep.net\/literature\/2627179\">Cimerman <em>et al<\/em>., Phys. Rev. C107, 044902 (2023)<\/a><\/li>\n<\/ul>\n\n\n\n<ul class=\"wp-block-list\">\n<li><a href=\"https:\/\/osf.io\/m3u5v\/wiki\/home\/\">cornelius<\/a>, a routine to find the volume and normal vector of a 3D surface in 4D space, or 2D surface in 3D space, see <a href=\"https:\/\/inspirehep.net\/literature\/1118440\">Huovinen and Petersen, Eur. Phys. J. A 48, 171 (2012)<\/a><\/li>\n<\/ul>\n\n\n\n<ul class=\"wp-block-list\">\n<li><a href=\"https:\/\/osf.io\/thazn\/wiki\/home\/\"><em>s83s<\/em><sub>18<\/sub>, <em>s88h<\/em><sub>18<\/sub><\/a>, <em><a href=\"https:\/\/osf.io\/yseq3\/wiki\/home\/\">s95p<\/a><\/em>, parametrisations of the Equation of State of matter at zero baryon density, see <a href=\"https:\/\/inspirehep.net\/literature\/1802508\">Auvinen et al., Phys. Rev. C102, 044911 (2020) <\/a>and <a href=\"https:\/\/inspirehep.net\/literature\/839991\">Huovinen &amp; Petreczky, Nucl. Phys. A 837, 26 (2010)<\/a><\/li>\n<\/ul>\n<\/div><\/div><\/div>\n<\/div><\/div>\n","protected":false},"excerpt":{"rendered":"<p>Our products Besides our three-fluid code, we have collected here some other tools we hope to be useful to the community.<\/p>\n","protected":false},"author":1923,"featured_media":0,"parent":0,"menu_order":0,"comment_status":"closed","ping_status":"closed","template":"","meta":{"_acf_changed":false,"inline_featured_image":false,"site-sidebar-layout":"default","site-content-layout":"","ast-site-content-layout":"default","site-content-style":"default","site-sidebar-style":"default","ast-global-header-display":"","ast-banner-title-visibility":"","ast-main-header-display":"","ast-hfb-above-header-display":"","ast-hfb-below-header-display":"","ast-hfb-mobile-header-display":"","site-post-title":"","ast-breadcrumbs-content":"","ast-featured-img":"","footer-sml-layout":"","ast-disable-related-posts":"","theme-transparent-header-meta":"","adv-header-id-meta":"","stick-header-meta":"","header-above-stick-meta":"","header-main-stick-meta":"","header-below-stick-meta":"","astra-migrate-meta-layouts":"default","ast-page-background-enabled":"default","ast-page-background-meta":{"desktop":{"background-color":"","background-image":"","background-repeat":"repeat","background-position":"center center","background-size":"auto","background-attachment":"scroll","background-type":"","background-media":"","overlay-type":"","overlay-color":"","overlay-opacity":"","overlay-gradient":""},"tablet":{"background-color":"","background-image":"","background-repeat":"repeat","background-position":"center center","background-size":"auto","background-attachment":"scroll","background-type":"","background-media":"","overlay-type":"","overlay-color":"","overlay-opacity":"","overlay-gradient":""},"mobile":{"background-color":"","background-image":"","background-repeat":"repeat","background-position":"center center","background-size":"auto","background-attachment":"scroll","background-type":"","background-media":"","overlay-type":"","overlay-color":"","overlay-opacity":"","overlay-gradient":""}},"ast-content-background-meta":{"desktop":{"background-color":"var(--ast-global-color-5)","background-image":"","background-repeat":"repeat","background-position":"center center","background-size":"auto","background-attachment":"scroll","background-type":"","background-media":"","overlay-type":"","overlay-color":"","overlay-opacity":"","overlay-gradient":""},"tablet":{"background-color":"var(--ast-global-color-5)","background-image":"","background-repeat":"repeat","background-position":"center center","background-size":"auto","background-attachment":"scroll","background-type":"","background-media":"","overlay-type":"","overlay-color":"","overlay-opacity":"","overlay-gradient":""},"mobile":{"background-color":"var(--ast-global-color-5)","background-image":"","background-repeat":"repeat","background-position":"center center","background-size":"auto","background-attachment":"scroll","background-type":"","background-media":"","overlay-type":"","overlay-color":"","overlay-opacity":"","overlay-gradient":""}},"footnotes":""},"categories":[],"tags":[],"class_list":["post-24030","page","type-page","status-publish","hentry"],"featured_image_urls_v2":{"full":"","thumbnail":"","medium":"","medium_large":"","large":"","1536x1536":"","2048x2048":"","menu-24x24":"","menu-36x36":"","menu-48x48":""},"post_excerpt_stackable_v2":"<p>Muffin-Smash2cornelius2trace2 Our products Besides our three-fluid code, we have collected here some other tools we hope to be useful to the community. MUFFIN, MUlti-Fluid simulation for Fast IoN collisions, the development version of our three-fluid code for modeling heavy-ion collisions at RHIC BES energies, see Cimerman et al., Phys. Rev. C107, 044902 (2023) cornelius, a routine to find the volume and normal vector of a 3D surface in 4D space, or 2D surface in 3D space, see Huovinen and Petersen, Eur. Phys. J. A 48, 171 (2012) s83s18, s88h18, s95p, parametrisations of the Equation of State of matter at zero&hellip;<\/p>\n","category_list_v2":"Bez kategorii","author_info_v2":{"name":"phuovinen","url":"https:\/\/cssf.uwr.edu.pl\/pl\/author\/phuovinen\/"},"comments_num_v2":"0 comments","acf":[],"yoast_head":"<!-- This site is optimized with the Yoast SEO plugin v27.1.1 - https:\/\/yoast.com\/product\/yoast-seo-wordpress\/ -->\n<title>Our products - The Center for Simulations of Superdense Fluids - Centrum Symulacji Superg\u0119stych P\u0142yn\u00f3w<\/title>\n<meta name=\"robots\" content=\"index, follow, max-snippet:-1, max-image-preview:large, max-video-preview:-1\" \/>\n<link rel=\"canonical\" href=\"https:\/\/cssf.uwr.edu.pl\/pl\/our-products\/\" \/>\n<meta property=\"og:locale\" content=\"pl_PL\" \/>\n<meta property=\"og:type\" content=\"article\" \/>\n<meta property=\"og:title\" content=\"Our products - The Center for Simulations of Superdense Fluids - Centrum Symulacji Superg\u0119stych P\u0142yn\u00f3w\" \/>\n<meta property=\"og:description\" content=\"Our products Besides our three-fluid code, we have collected here some other tools we hope to be useful to the community.\" \/>\n<meta property=\"og:url\" content=\"https:\/\/cssf.uwr.edu.pl\/pl\/our-products\/\" \/>\n<meta property=\"og:site_name\" content=\"The Center for Simulations of Superdense Fluids - Centrum Symulacji Superg\u0119stych P\u0142yn\u00f3w\" \/>\n<meta property=\"article:modified_time\" content=\"2024-04-02T13:28:14+00:00\" \/>\n<meta name=\"twitter:card\" content=\"summary_large_image\" \/>\n<meta name=\"twitter:label1\" content=\"Szacowany czas czytania\" \/>\n\t<meta name=\"twitter:data1\" content=\"1 minuta\" \/>\n<script type=\"application\/ld+json\" class=\"yoast-schema-graph\">{\"@context\":\"https:\/\/schema.org\",\"@graph\":[{\"@type\":\"WebPage\",\"@id\":\"https:\/\/cssf.uwr.edu.pl\/pl\/our-products\/\",\"url\":\"https:\/\/cssf.uwr.edu.pl\/pl\/our-products\/\",\"name\":\"Our products - The Center for Simulations of Superdense Fluids - Centrum Symulacji Superg\u0119stych P\u0142yn\u00f3w\",\"isPartOf\":{\"@id\":\"https:\/\/cssf.uwr.edu.pl\/pl\/#website\"},\"datePublished\":\"2024-03-21T16:40:33+00:00\",\"dateModified\":\"2024-04-02T13:28:14+00:00\",\"breadcrumb\":{\"@id\":\"https:\/\/cssf.uwr.edu.pl\/pl\/our-products\/#breadcrumb\"},\"inLanguage\":\"pl-PL\",\"potentialAction\":[{\"@type\":\"ReadAction\",\"target\":[\"https:\/\/cssf.uwr.edu.pl\/pl\/our-products\/\"]}]},{\"@type\":\"BreadcrumbList\",\"@id\":\"https:\/\/cssf.uwr.edu.pl\/pl\/our-products\/#breadcrumb\",\"itemListElement\":[{\"@type\":\"ListItem\",\"position\":1,\"name\":\"Strona g\u0142\u00f3wna\",\"item\":\"https:\/\/cssf.uwr.edu.pl\/pl\/\"},{\"@type\":\"ListItem\",\"position\":2,\"name\":\"Our products\"}]},{\"@type\":\"WebSite\",\"@id\":\"https:\/\/cssf.uwr.edu.pl\/pl\/#website\",\"url\":\"https:\/\/cssf.uwr.edu.pl\/pl\/\",\"name\":\"The Center for Simulations of Superdense Fluids - Centrum Symulacji Superg\u0119stych P\u0142yn\u00f3w\",\"description\":\"Kolejna witryna sieci \u201eUWR Witryny\u201d\",\"publisher\":{\"@id\":\"https:\/\/cssf.uwr.edu.pl\/pl\/#organization\"},\"potentialAction\":[{\"@type\":\"SearchAction\",\"target\":{\"@type\":\"EntryPoint\",\"urlTemplate\":\"https:\/\/cssf.uwr.edu.pl\/pl\/?s={search_term_string}\"},\"query-input\":{\"@type\":\"PropertyValueSpecification\",\"valueRequired\":true,\"valueName\":\"search_term_string\"}}],\"inLanguage\":\"pl-PL\"},{\"@type\":\"Organization\",\"@id\":\"https:\/\/cssf.uwr.edu.pl\/pl\/#organization\",\"name\":\"The Center for Simulations of Superdense Fluids - Centrum Symulacji Superg\u0119stych P\u0142yn\u00f3w\",\"url\":\"https:\/\/cssf.uwr.edu.pl\/pl\/\",\"logo\":{\"@type\":\"ImageObject\",\"inLanguage\":\"pl-PL\",\"@id\":\"https:\/\/cssf.uwr.edu.pl\/pl\/#\/schema\/logo\/image\/\",\"url\":\"https:\/\/cssf.uwr.edu.pl\/wp-content\/uploads\/sites\/276\/2025\/10\/UWr-logotyp-2025.png\",\"contentUrl\":\"https:\/\/cssf.uwr.edu.pl\/wp-content\/uploads\/sites\/276\/2025\/10\/UWr-logotyp-2025.png\",\"width\":764,\"height\":269,\"caption\":\"The Center for Simulations of Superdense Fluids - Centrum Symulacji Superg\u0119stych P\u0142yn\u00f3w\"},\"image\":{\"@id\":\"https:\/\/cssf.uwr.edu.pl\/pl\/#\/schema\/logo\/image\/\"}}]}<\/script>\n<!-- \/ Yoast SEO plugin. -->","yoast_head_json":{"title":"Our products - The Center for Simulations of Superdense Fluids - Centrum Symulacji Superg\u0119stych P\u0142yn\u00f3w","robots":{"index":"index","follow":"follow","max-snippet":"max-snippet:-1","max-image-preview":"max-image-preview:large","max-video-preview":"max-video-preview:-1"},"canonical":"https:\/\/cssf.uwr.edu.pl\/pl\/our-products\/","og_locale":"pl_PL","og_type":"article","og_title":"Our products - The Center for Simulations of Superdense Fluids - Centrum Symulacji Superg\u0119stych P\u0142yn\u00f3w","og_description":"Our products Besides our three-fluid code, we have collected here some other tools we hope to be useful to the community.","og_url":"https:\/\/cssf.uwr.edu.pl\/pl\/our-products\/","og_site_name":"The Center for Simulations of Superdense Fluids - Centrum Symulacji Superg\u0119stych P\u0142yn\u00f3w","article_modified_time":"2024-04-02T13:28:14+00:00","twitter_card":"summary_large_image","twitter_misc":{"Szacowany czas czytania":"1 minuta"},"schema":{"@context":"https:\/\/schema.org","@graph":[{"@type":"WebPage","@id":"https:\/\/cssf.uwr.edu.pl\/pl\/our-products\/","url":"https:\/\/cssf.uwr.edu.pl\/pl\/our-products\/","name":"Our products - The Center for Simulations of Superdense Fluids - Centrum Symulacji Superg\u0119stych P\u0142yn\u00f3w","isPartOf":{"@id":"https:\/\/cssf.uwr.edu.pl\/pl\/#website"},"datePublished":"2024-03-21T16:40:33+00:00","dateModified":"2024-04-02T13:28:14+00:00","breadcrumb":{"@id":"https:\/\/cssf.uwr.edu.pl\/pl\/our-products\/#breadcrumb"},"inLanguage":"pl-PL","potentialAction":[{"@type":"ReadAction","target":["https:\/\/cssf.uwr.edu.pl\/pl\/our-products\/"]}]},{"@type":"BreadcrumbList","@id":"https:\/\/cssf.uwr.edu.pl\/pl\/our-products\/#breadcrumb","itemListElement":[{"@type":"ListItem","position":1,"name":"Strona g\u0142\u00f3wna","item":"https:\/\/cssf.uwr.edu.pl\/pl\/"},{"@type":"ListItem","position":2,"name":"Our products"}]},{"@type":"WebSite","@id":"https:\/\/cssf.uwr.edu.pl\/pl\/#website","url":"https:\/\/cssf.uwr.edu.pl\/pl\/","name":"The Center for Simulations of Superdense Fluids - Centrum Symulacji Superg\u0119stych P\u0142yn\u00f3w","description":"Kolejna witryna sieci \u201eUWR Witryny\u201d","publisher":{"@id":"https:\/\/cssf.uwr.edu.pl\/pl\/#organization"},"potentialAction":[{"@type":"SearchAction","target":{"@type":"EntryPoint","urlTemplate":"https:\/\/cssf.uwr.edu.pl\/pl\/?s={search_term_string}"},"query-input":{"@type":"PropertyValueSpecification","valueRequired":true,"valueName":"search_term_string"}}],"inLanguage":"pl-PL"},{"@type":"Organization","@id":"https:\/\/cssf.uwr.edu.pl\/pl\/#organization","name":"The Center for Simulations of Superdense Fluids - Centrum Symulacji Superg\u0119stych P\u0142yn\u00f3w","url":"https:\/\/cssf.uwr.edu.pl\/pl\/","logo":{"@type":"ImageObject","inLanguage":"pl-PL","@id":"https:\/\/cssf.uwr.edu.pl\/pl\/#\/schema\/logo\/image\/","url":"https:\/\/cssf.uwr.edu.pl\/wp-content\/uploads\/sites\/276\/2025\/10\/UWr-logotyp-2025.png","contentUrl":"https:\/\/cssf.uwr.edu.pl\/wp-content\/uploads\/sites\/276\/2025\/10\/UWr-logotyp-2025.png","width":764,"height":269,"caption":"The Center for Simulations of Superdense Fluids - Centrum Symulacji Superg\u0119stych P\u0142yn\u00f3w"},"image":{"@id":"https:\/\/cssf.uwr.edu.pl\/pl\/#\/schema\/logo\/image\/"}}]}},"publishpress_future_action":{"enabled":false,"date":"2026-04-20 16:12:09","action":"change-status","newStatus":"draft","terms":[],"taxonomy":"category","extraData":[]},"publishpress_future_workflow_manual_trigger":{"enabledWorkflows":[]},"_links":{"self":[{"href":"https:\/\/cssf.uwr.edu.pl\/pl\/wp-json\/wp\/v2\/pages\/24030","targetHints":{"allow":["GET"]}}],"collection":[{"href":"https:\/\/cssf.uwr.edu.pl\/pl\/wp-json\/wp\/v2\/pages"}],"about":[{"href":"https:\/\/cssf.uwr.edu.pl\/pl\/wp-json\/wp\/v2\/types\/page"}],"author":[{"embeddable":true,"href":"https:\/\/cssf.uwr.edu.pl\/pl\/wp-json\/wp\/v2\/users\/1923"}],"replies":[{"embeddable":true,"href":"https:\/\/cssf.uwr.edu.pl\/pl\/wp-json\/wp\/v2\/comments?post=24030"}],"version-history":[{"count":10,"href":"https:\/\/cssf.uwr.edu.pl\/pl\/wp-json\/wp\/v2\/pages\/24030\/revisions"}],"predecessor-version":[{"id":24393,"href":"https:\/\/cssf.uwr.edu.pl\/pl\/wp-json\/wp\/v2\/pages\/24030\/revisions\/24393"}],"wp:attachment":[{"href":"https:\/\/cssf.uwr.edu.pl\/pl\/wp-json\/wp\/v2\/media?parent=24030"}],"wp:term":[{"taxonomy":"category","embeddable":true,"href":"https:\/\/cssf.uwr.edu.pl\/pl\/wp-json\/wp\/v2\/categories?post=24030"},{"taxonomy":"post_tag","embeddable":true,"href":"https:\/\/cssf.uwr.edu.pl\/pl\/wp-json\/wp\/v2\/tags?post=24030"}],"curies":[{"name":"wp","href":"https:\/\/api.w.org\/{rel}","templated":true}]}}