{"id":23982,"date":"2024-03-21T02:56:52","date_gmt":"2024-03-21T01:56:52","guid":{"rendered":"https:\/\/cssf.uwr.edu.pl\/?page_id=23982"},"modified":"2025-04-04T14:41:47","modified_gmt":"2025-04-04T12:41:47","slug":"publications","status":"publish","type":"page","link":"https:\/\/cssf.uwr.edu.pl\/pl\/publications\/","title":{"rendered":"Publications"},"content":{"rendered":"\n<div class=\"wp-block-stackable-columns stk-block-columns stk-block stk-38c390f\" data-block-id=\"38c390f\"><div class=\"stk-row stk-inner-blocks stk-block-content stk-content-align stk-38c390f-column\">\n<div class=\"wp-block-stackable-column stk-block-column stk-column stk-block stk-dc83531\" data-v=\"4\" data-block-id=\"dc83531\"><div class=\"stk-column-wrapper stk-block-column__content stk-container stk-dc83531-container stk--no-background stk--no-padding\"><div class=\"stk-block-content stk-inner-blocks stk-dc83531-inner-blocks\">\n<figure class=\"wp-block-image size-large\"><img loading=\"lazy\" decoding=\"async\" width=\"1024\" height=\"578\" src=\"https:\/\/cssf.uwr.edu.pl\/wp-content\/uploads\/sites\/276\/2024\/03\/publicans1-1024x578.png\" alt=\"Work in progress\" class=\"wp-image-24270\" srcset=\"https:\/\/cssf.uwr.edu.pl\/wp-content\/uploads\/sites\/276\/2024\/03\/publicans1-1024x578.png 1024w, https:\/\/cssf.uwr.edu.pl\/wp-content\/uploads\/sites\/276\/2024\/03\/publicans1-300x169.png 300w, https:\/\/cssf.uwr.edu.pl\/wp-content\/uploads\/sites\/276\/2024\/03\/publicans1-768x434.png 768w, https:\/\/cssf.uwr.edu.pl\/wp-content\/uploads\/sites\/276\/2024\/03\/publicans1-1320x746.png 1320w, https:\/\/cssf.uwr.edu.pl\/wp-content\/uploads\/sites\/276\/2024\/03\/publicans1-24x14.png 24w, https:\/\/cssf.uwr.edu.pl\/wp-content\/uploads\/sites\/276\/2024\/03\/publicans1-36x20.png 36w, https:\/\/cssf.uwr.edu.pl\/wp-content\/uploads\/sites\/276\/2024\/03\/publicans1-48x27.png 48w, https:\/\/cssf.uwr.edu.pl\/wp-content\/uploads\/sites\/276\/2024\/03\/publicans1.png 1381w\" sizes=\"auto, (max-width: 1024px) 100vw, 1024px\" \/><\/figure>\n<\/div><\/div><\/div>\n\n\n\n<div class=\"wp-block-stackable-column stk-block-column stk-column stk-block stk-0ce6c48\" data-v=\"4\" data-block-id=\"0ce6c48\"><div class=\"stk-column-wrapper stk-block-column__content stk-container stk-0ce6c48-container stk--no-background stk--no-padding\"><div class=\"stk-block-content stk-inner-blocks stk-0ce6c48-inner-blocks\">\n<h2 class=\"wp-block-heading\">Publications<\/h2>\n\n\n\n<p>Our publications in<\/p>\n\n\n\n<ul class=\"wp-block-list\">\n<li>2025 can be found <a href=\"https:\/\/inspirehep.net\/literature?sort=mostrecent&amp;size=25&amp;page=1&amp;q=find%20%28%28a%20huovinen%20or%20a%20molnar%2Ce%20or%20marczenko%20or%20a%20ivanytskyi%20or%20a%20karmakar%2C%20bithika%20or%20a%20alvarez-castillo%29%20and%20date%202025%29%20or%202503.13234%20or%202411.19708%20or%202411.19709\" target=\"_blank\" rel=\"noreferrer noopener\">here<\/a><\/li>\n\n\n\n<li>2024 can be found <a href=\"https:\/\/inspirehep.net\/literature?sort=mostrecent&amp;size=25&amp;page=2&amp;q=find%20%28%28%28a%20huovinen%20or%20a%20molnar%2C%20e%20or%20a%20marczenko%20or%20a%20werthmann%20or%20a%20ivanytskyi%20or%20a%20karmakar%2Cbithika%29%20and%20date%202024%29%20and%20not%20%2810.22323%2F1.450.0105%20or%202302.10618%29%29%20or%202402.18686%20or%202402.18696%20or%202311.15992%20or%202309.05161%20or%202309.08775%20or%202404.14160%20or%202409.04755\" target=\"_blank\" rel=\"noreferrer noopener\">here<\/a><\/li>\n\n\n\n<li>2023 are listed <a href=\"https:\/\/inspirehep.net\/literature?sort=mostrecent&amp;size=25&amp;page=1&amp;q=find%20%28%28%28a%20huovinen%20or%20a%20molnar%2Ce%20or%20a%20marczenko%20or%20a%20werthmann%2C%20c%29%20and%20date%202023%29%20or%20%28a%20ivanytskyi%20and%20date%202023%20and%20not%20%28date%202022%20or%20date%202021%29%29%29%20and%20not%20%282302.10618%20or%202209.01176%20or%202207.12789%29\" target=\"_blank\" rel=\"noreferrer noopener\">here<\/a><\/li>\n\n\n\n<li>2022 are <a href=\"https:\/\/inspirehep.net\/literature?sort=mostrecent&amp;size=25&amp;page=1&amp;q=find%20%28%28a%20huovinen%20or%20a%20molnar%2Ce%20or%20a%20marczenko%29%20and%20date%202022%29%20and%20not%20%282008.08987%20or%202109.14561%29\" target=\"_blank\" rel=\"noreferrer noopener\">here<\/a><\/li>\n\n\n\n<li>2021 are <a href=\"https:\/\/inspirehep.net\/literature?sort=mostrecent&amp;size=25&amp;page=1&amp;q=%282110.01544%20or%202110.02029%20or%202110.11056%29%20and%20not%202203.00269\" target=\"_blank\" rel=\"noreferrer noopener\">here<\/a><\/li>\n<\/ul>\n<\/div><\/div><\/div>\n<\/div><\/div>\n","protected":false},"excerpt":{"rendered":"<p>Publications Our publications in<\/p>\n","protected":false},"author":1923,"featured_media":0,"parent":0,"menu_order":0,"comment_status":"closed","ping_status":"closed","template":"","meta":{"_acf_changed":false,"inline_featured_image":false,"site-sidebar-layout":"default","site-content-layout":"","ast-site-content-layout":"default","site-content-style":"default","site-sidebar-style":"default","ast-global-header-display":"","ast-banner-title-visibility":"","ast-main-header-display":"","ast-hfb-above-header-display":"","ast-hfb-below-header-display":"","ast-hfb-mobile-header-display":"","site-post-title":"","ast-breadcrumbs-content":"","ast-featured-img":"","footer-sml-layout":"","ast-disable-related-posts":"","theme-transparent-header-meta":"","adv-header-id-meta":"","stick-header-meta":"","header-above-stick-meta":"","header-main-stick-meta":"","header-below-stick-meta":"","astra-migrate-meta-layouts":"set","ast-page-background-enabled":"default","ast-page-background-meta":{"desktop":{"background-color":"","background-image":"","background-repeat":"repeat","background-position":"center center","background-size":"auto","background-attachment":"scroll","background-type":"","background-media":"","overlay-type":"","overlay-color":"","overlay-opacity":"","overlay-gradient":""},"tablet":{"background-color":"","background-image":"","background-repeat":"repeat","background-position":"center center","background-size":"auto","background-attachment":"scroll","background-type":"","background-media":"","overlay-type":"","overlay-color":"","overlay-opacity":"","overlay-gradient":""},"mobile":{"background-color":"","background-image":"","background-repeat":"repeat","background-position":"center center","background-size":"auto","background-attachment":"scroll","background-type":"","background-media":"","overlay-type":"","overlay-color":"","overlay-opacity":"","overlay-gradient":""}},"ast-content-background-meta":{"desktop":{"background-color":"var(--ast-global-color-5)","background-image":"","background-repeat":"repeat","background-position":"center center","background-size":"auto","background-attachment":"scroll","background-type":"","background-media":"","overlay-type":"","overlay-color":"","overlay-opacity":"","overlay-gradient":""},"tablet":{"background-color":"var(--ast-global-color-5)","background-image":"","background-repeat":"repeat","background-position":"center center","background-size":"auto","background-attachment":"scroll","background-type":"","background-media":"","overlay-type":"","overlay-color":"","overlay-opacity":"","overlay-gradient":""},"mobile":{"background-color":"var(--ast-global-color-5)","background-image":"","background-repeat":"repeat","background-position":"center center","background-size":"auto","background-attachment":"scroll","background-type":"","background-media":"","overlay-type":"","overlay-color":"","overlay-opacity":"","overlay-gradient":""}},"footnotes":""},"categories":[],"tags":[],"class_list":["post-23982","page","type-page","status-publish","hentry"],"featured_image_urls_v2":{"full":"","thumbnail":"","medium":"","medium_large":"","large":"","1536x1536":"","2048x2048":"","menu-24x24":"","menu-36x36":"","menu-48x48":""},"post_excerpt_stackable_v2":"<p>Publications Our publications in 2025 can be found here 2024 can be found here 2023 are listed here 2022 are here 2021 are here<\/p>\n","category_list_v2":"Bez kategorii","author_info_v2":{"name":"phuovinen","url":"https:\/\/cssf.uwr.edu.pl\/pl\/author\/phuovinen\/"},"comments_num_v2":"0 comments","acf":[],"yoast_head":"<!-- This site is optimized with the Yoast SEO plugin v27.1.1 - https:\/\/yoast.com\/product\/yoast-seo-wordpress\/ -->\n<title>Publications - The Center for Simulations of Superdense Fluids - Centrum Symulacji Superg\u0119stych P\u0142yn\u00f3w<\/title>\n<meta name=\"robots\" content=\"index, follow, max-snippet:-1, max-image-preview:large, max-video-preview:-1\" \/>\n<link rel=\"canonical\" href=\"https:\/\/cssf.uwr.edu.pl\/pl\/publications\/\" \/>\n<meta property=\"og:locale\" content=\"pl_PL\" \/>\n<meta property=\"og:type\" content=\"article\" \/>\n<meta property=\"og:title\" content=\"Publications - The Center for Simulations of Superdense Fluids - Centrum Symulacji Superg\u0119stych P\u0142yn\u00f3w\" \/>\n<meta property=\"og:description\" content=\"Publications Our publications in\" \/>\n<meta property=\"og:url\" content=\"https:\/\/cssf.uwr.edu.pl\/pl\/publications\/\" \/>\n<meta property=\"og:site_name\" content=\"The Center for Simulations of Superdense Fluids - Centrum Symulacji Superg\u0119stych P\u0142yn\u00f3w\" \/>\n<meta property=\"article:modified_time\" content=\"2025-04-04T12:41:47+00:00\" \/>\n<meta property=\"og:image\" content=\"https:\/\/cssf.uwr.edu.pl\/wp-content\/uploads\/sites\/276\/2024\/03\/publicans1-1024x578.png\" \/>\n<meta name=\"twitter:card\" content=\"summary_large_image\" \/>\n<meta name=\"twitter:label1\" content=\"Szacowany czas czytania\" \/>\n\t<meta name=\"twitter:data1\" content=\"1 minuta\" \/>\n<script type=\"application\/ld+json\" class=\"yoast-schema-graph\">{\"@context\":\"https:\/\/schema.org\",\"@graph\":[{\"@type\":\"WebPage\",\"@id\":\"https:\/\/cssf.uwr.edu.pl\/pl\/publications\/\",\"url\":\"https:\/\/cssf.uwr.edu.pl\/pl\/publications\/\",\"name\":\"Publications - The Center for Simulations of Superdense Fluids - Centrum Symulacji Superg\u0119stych P\u0142yn\u00f3w\",\"isPartOf\":{\"@id\":\"https:\/\/cssf.uwr.edu.pl\/pl\/#website\"},\"primaryImageOfPage\":{\"@id\":\"https:\/\/cssf.uwr.edu.pl\/pl\/publications\/#primaryimage\"},\"image\":{\"@id\":\"https:\/\/cssf.uwr.edu.pl\/pl\/publications\/#primaryimage\"},\"thumbnailUrl\":\"https:\/\/cssf.uwr.edu.pl\/wp-content\/uploads\/sites\/276\/2024\/03\/publicans1-1024x578.png\",\"datePublished\":\"2024-03-21T01:56:52+00:00\",\"dateModified\":\"2025-04-04T12:41:47+00:00\",\"breadcrumb\":{\"@id\":\"https:\/\/cssf.uwr.edu.pl\/pl\/publications\/#breadcrumb\"},\"inLanguage\":\"pl-PL\",\"potentialAction\":[{\"@type\":\"ReadAction\",\"target\":[\"https:\/\/cssf.uwr.edu.pl\/pl\/publications\/\"]}]},{\"@type\":\"ImageObject\",\"inLanguage\":\"pl-PL\",\"@id\":\"https:\/\/cssf.uwr.edu.pl\/pl\/publications\/#primaryimage\",\"url\":\"https:\/\/cssf.uwr.edu.pl\/wp-content\/uploads\/sites\/276\/2024\/03\/publicans1-1024x578.png\",\"contentUrl\":\"https:\/\/cssf.uwr.edu.pl\/wp-content\/uploads\/sites\/276\/2024\/03\/publicans1-1024x578.png\"},{\"@type\":\"BreadcrumbList\",\"@id\":\"https:\/\/cssf.uwr.edu.pl\/pl\/publications\/#breadcrumb\",\"itemListElement\":[{\"@type\":\"ListItem\",\"position\":1,\"name\":\"Strona g\u0142\u00f3wna\",\"item\":\"https:\/\/cssf.uwr.edu.pl\/pl\/\"},{\"@type\":\"ListItem\",\"position\":2,\"name\":\"Publications\"}]},{\"@type\":\"WebSite\",\"@id\":\"https:\/\/cssf.uwr.edu.pl\/pl\/#website\",\"url\":\"https:\/\/cssf.uwr.edu.pl\/pl\/\",\"name\":\"The Center for Simulations of Superdense Fluids - Centrum Symulacji Superg\u0119stych P\u0142yn\u00f3w\",\"description\":\"Kolejna witryna sieci \u201eUWR Witryny\u201d\",\"publisher\":{\"@id\":\"https:\/\/cssf.uwr.edu.pl\/pl\/#organization\"},\"potentialAction\":[{\"@type\":\"SearchAction\",\"target\":{\"@type\":\"EntryPoint\",\"urlTemplate\":\"https:\/\/cssf.uwr.edu.pl\/pl\/?s={search_term_string}\"},\"query-input\":{\"@type\":\"PropertyValueSpecification\",\"valueRequired\":true,\"valueName\":\"search_term_string\"}}],\"inLanguage\":\"pl-PL\"},{\"@type\":\"Organization\",\"@id\":\"https:\/\/cssf.uwr.edu.pl\/pl\/#organization\",\"name\":\"The Center for Simulations of Superdense Fluids - Centrum Symulacji Superg\u0119stych P\u0142yn\u00f3w\",\"url\":\"https:\/\/cssf.uwr.edu.pl\/pl\/\",\"logo\":{\"@type\":\"ImageObject\",\"inLanguage\":\"pl-PL\",\"@id\":\"https:\/\/cssf.uwr.edu.pl\/pl\/#\/schema\/logo\/image\/\",\"url\":\"https:\/\/cssf.uwr.edu.pl\/wp-content\/uploads\/sites\/276\/2025\/10\/UWr-logotyp-2025.png\",\"contentUrl\":\"https:\/\/cssf.uwr.edu.pl\/wp-content\/uploads\/sites\/276\/2025\/10\/UWr-logotyp-2025.png\",\"width\":764,\"height\":269,\"caption\":\"The Center for Simulations of Superdense Fluids - Centrum Symulacji Superg\u0119stych P\u0142yn\u00f3w\"},\"image\":{\"@id\":\"https:\/\/cssf.uwr.edu.pl\/pl\/#\/schema\/logo\/image\/\"}}]}<\/script>\n<!-- \/ Yoast SEO plugin. -->","yoast_head_json":{"title":"Publications - The Center for Simulations of Superdense Fluids - Centrum Symulacji Superg\u0119stych P\u0142yn\u00f3w","robots":{"index":"index","follow":"follow","max-snippet":"max-snippet:-1","max-image-preview":"max-image-preview:large","max-video-preview":"max-video-preview:-1"},"canonical":"https:\/\/cssf.uwr.edu.pl\/pl\/publications\/","og_locale":"pl_PL","og_type":"article","og_title":"Publications - The Center for Simulations of Superdense Fluids - Centrum Symulacji Superg\u0119stych P\u0142yn\u00f3w","og_description":"Publications Our publications in","og_url":"https:\/\/cssf.uwr.edu.pl\/pl\/publications\/","og_site_name":"The Center for Simulations of Superdense Fluids - Centrum Symulacji Superg\u0119stych P\u0142yn\u00f3w","article_modified_time":"2025-04-04T12:41:47+00:00","og_image":[{"url":"https:\/\/cssf.uwr.edu.pl\/wp-content\/uploads\/sites\/276\/2024\/03\/publicans1-1024x578.png","type":"","width":"","height":""}],"twitter_card":"summary_large_image","twitter_misc":{"Szacowany czas czytania":"1 minuta"},"schema":{"@context":"https:\/\/schema.org","@graph":[{"@type":"WebPage","@id":"https:\/\/cssf.uwr.edu.pl\/pl\/publications\/","url":"https:\/\/cssf.uwr.edu.pl\/pl\/publications\/","name":"Publications - The Center for Simulations of Superdense Fluids - Centrum Symulacji Superg\u0119stych P\u0142yn\u00f3w","isPartOf":{"@id":"https:\/\/cssf.uwr.edu.pl\/pl\/#website"},"primaryImageOfPage":{"@id":"https:\/\/cssf.uwr.edu.pl\/pl\/publications\/#primaryimage"},"image":{"@id":"https:\/\/cssf.uwr.edu.pl\/pl\/publications\/#primaryimage"},"thumbnailUrl":"https:\/\/cssf.uwr.edu.pl\/wp-content\/uploads\/sites\/276\/2024\/03\/publicans1-1024x578.png","datePublished":"2024-03-21T01:56:52+00:00","dateModified":"2025-04-04T12:41:47+00:00","breadcrumb":{"@id":"https:\/\/cssf.uwr.edu.pl\/pl\/publications\/#breadcrumb"},"inLanguage":"pl-PL","potentialAction":[{"@type":"ReadAction","target":["https:\/\/cssf.uwr.edu.pl\/pl\/publications\/"]}]},{"@type":"ImageObject","inLanguage":"pl-PL","@id":"https:\/\/cssf.uwr.edu.pl\/pl\/publications\/#primaryimage","url":"https:\/\/cssf.uwr.edu.pl\/wp-content\/uploads\/sites\/276\/2024\/03\/publicans1-1024x578.png","contentUrl":"https:\/\/cssf.uwr.edu.pl\/wp-content\/uploads\/sites\/276\/2024\/03\/publicans1-1024x578.png"},{"@type":"BreadcrumbList","@id":"https:\/\/cssf.uwr.edu.pl\/pl\/publications\/#breadcrumb","itemListElement":[{"@type":"ListItem","position":1,"name":"Strona g\u0142\u00f3wna","item":"https:\/\/cssf.uwr.edu.pl\/pl\/"},{"@type":"ListItem","position":2,"name":"Publications"}]},{"@type":"WebSite","@id":"https:\/\/cssf.uwr.edu.pl\/pl\/#website","url":"https:\/\/cssf.uwr.edu.pl\/pl\/","name":"The Center for Simulations of Superdense Fluids - Centrum Symulacji Superg\u0119stych P\u0142yn\u00f3w","description":"Kolejna witryna sieci \u201eUWR Witryny\u201d","publisher":{"@id":"https:\/\/cssf.uwr.edu.pl\/pl\/#organization"},"potentialAction":[{"@type":"SearchAction","target":{"@type":"EntryPoint","urlTemplate":"https:\/\/cssf.uwr.edu.pl\/pl\/?s={search_term_string}"},"query-input":{"@type":"PropertyValueSpecification","valueRequired":true,"valueName":"search_term_string"}}],"inLanguage":"pl-PL"},{"@type":"Organization","@id":"https:\/\/cssf.uwr.edu.pl\/pl\/#organization","name":"The Center for Simulations of Superdense Fluids - Centrum Symulacji Superg\u0119stych P\u0142yn\u00f3w","url":"https:\/\/cssf.uwr.edu.pl\/pl\/","logo":{"@type":"ImageObject","inLanguage":"pl-PL","@id":"https:\/\/cssf.uwr.edu.pl\/pl\/#\/schema\/logo\/image\/","url":"https:\/\/cssf.uwr.edu.pl\/wp-content\/uploads\/sites\/276\/2025\/10\/UWr-logotyp-2025.png","contentUrl":"https:\/\/cssf.uwr.edu.pl\/wp-content\/uploads\/sites\/276\/2025\/10\/UWr-logotyp-2025.png","width":764,"height":269,"caption":"The Center for Simulations of Superdense Fluids - Centrum Symulacji Superg\u0119stych P\u0142yn\u00f3w"},"image":{"@id":"https:\/\/cssf.uwr.edu.pl\/pl\/#\/schema\/logo\/image\/"}}]}},"publishpress_future_action":{"enabled":false,"date":"2026-04-20 15:37:17","action":"change-status","newStatus":"draft","terms":[],"taxonomy":"category","extraData":[]},"publishpress_future_workflow_manual_trigger":{"enabledWorkflows":[]},"_links":{"self":[{"href":"https:\/\/cssf.uwr.edu.pl\/pl\/wp-json\/wp\/v2\/pages\/23982","targetHints":{"allow":["GET"]}}],"collection":[{"href":"https:\/\/cssf.uwr.edu.pl\/pl\/wp-json\/wp\/v2\/pages"}],"about":[{"href":"https:\/\/cssf.uwr.edu.pl\/pl\/wp-json\/wp\/v2\/types\/page"}],"author":[{"embeddable":true,"href":"https:\/\/cssf.uwr.edu.pl\/pl\/wp-json\/wp\/v2\/users\/1923"}],"replies":[{"embeddable":true,"href":"https:\/\/cssf.uwr.edu.pl\/pl\/wp-json\/wp\/v2\/comments?post=23982"}],"version-history":[{"count":19,"href":"https:\/\/cssf.uwr.edu.pl\/pl\/wp-json\/wp\/v2\/pages\/23982\/revisions"}],"predecessor-version":[{"id":24565,"href":"https:\/\/cssf.uwr.edu.pl\/pl\/wp-json\/wp\/v2\/pages\/23982\/revisions\/24565"}],"wp:attachment":[{"href":"https:\/\/cssf.uwr.edu.pl\/pl\/wp-json\/wp\/v2\/media?parent=23982"}],"wp:term":[{"taxonomy":"category","embeddable":true,"href":"https:\/\/cssf.uwr.edu.pl\/pl\/wp-json\/wp\/v2\/categories?post=23982"},{"taxonomy":"post_tag","embeddable":true,"href":"https:\/\/cssf.uwr.edu.pl\/pl\/wp-json\/wp\/v2\/tags?post=23982"}],"curies":[{"name":"wp","href":"https:\/\/api.w.org\/{rel}","templated":true}]}}