{"id":23775,"date":"2023-02-20T08:30:07","date_gmt":"2023-02-20T07:30:07","guid":{"rendered":"https:\/\/cssf.uwr.edu.pl\/?page_id=23775"},"modified":"2023-02-20T08:30:14","modified_gmt":"2023-02-20T07:30:14","slug":"rejestracja-na-konferencje","status":"publish","type":"page","link":"https:\/\/cssf.uwr.edu.pl\/pl\/rejestracja-na-konferencje\/","title":{"rendered":"Rejestracja na konferencj\u0119"},"content":{"rendered":"        <div class=\"conference-form-page\">\n            <div class=\"left-column\">\n               <img decoding=\"async\" src=\"https:\/\/uwr.edu.pl\/\/wp-content\/uploads\/2021\/07\/DSC05616.jpg\" \/>\n            <\/div>\n            <div class=\"right-column\">\n                <div class=\"bs_add_breadcrumb_trail\"><\/div>\n                <hr>\n                <h1 class=\"konferencje-strona-naglowek\">Rejestracja na konferencj\u0119<\/h1>\n                <div class=\"conference-form\">\t\t\t\t<form id=\"acf-form\" class=\"acf-form\" action=\"\" method=\"post\">\n\t\t\t\t\t<div id=\"acf-form-data\" class=\"acf-hidden\">\n\t\t<input type=\"hidden\" id=\"_acf_screen\" name=\"_acf_screen\" value=\"acf_form\"\/><input type=\"hidden\" id=\"_acf_post_id\" name=\"_acf_post_id\" value=\"new_post\"\/><input type=\"hidden\" id=\"_acf_validation\" name=\"_acf_validation\" value=\"1\"\/><input type=\"hidden\" id=\"_acf_form\" name=\"_acf_form\" value=\"c3lqVUt2YUFNM2cxRlJwL09aWmN5S2x0S1NFU0kwc25hVWE0TExuZ0dKVm1DVmxNTlZZeWRZVTBrL0hlLy9ZdHZ1bERmOVZyNE5PTjRZalU4VklSWm5wUVRMaW1qekNMdjBDMkF1Zm8zTFlITVZPVVMxYVl5bTN2QjNSZVE2Y216QWoxMG9OeGJ6Z1JkNVEwcDlTdVExRXlhcnFxK0kvQldKT2J3UThSK1dPcWpDTzZWMnlxTmwvR2V2VlNqZHhYZDZmVWgxdUk4Rm5QVE5LamJSK1JTb0hvMmYyOW5vUWZoK0tpOVVDQmJtUXVjSlgzNEdvOXVHQ3RwNWJ4c2RDaE5ubjFFZE96blZyRjJRWEVJRzdpQ0h0Q3lJdmtpYXhqUExzSUVjdmtudzYxd1cxNGJrMnlrei8rUitHQlpyS2l6NlRrRHJjeVZPODJGV2VOeFpGNXY3emFLOTBodkpYWkZ2ci9PUXFIMnRvTlBkSy9lQ2JJajZJeG5iVTZzR3JDdU5DMjRlUFAzbCtwSXdYcDJVaU1xY2hMdzl3WmRRcDcxVHNzVVpHRkZQdVVRVUxqdzlTVEIzT0lDMTVqbWlKNnk4RE4ycVVtcFFsYUkzWWhBMS9RKzArN2U5bStGN2Z1bTNJc254L21sVUtTRWhqM3MzWDcwRExoTmxsRk11ZEJJei9WWjNuVERNRkdUYWRFbkpUeXNiYUd6RU00U0FNV0hBZ0drQ1duWUxCb1B5YWF0YzZJR1dGckg5Q1FQbm5RaC85MVNuRmR3RjE5eWxOODF3bnFST2ppa1ZlK3dWNnNZMStTLzBjS3U0MzdTWmcyeGhLRVNCSHFzMlVpS000blNFbmhSMXNDREZoZWllWnl5YktxYXE2ZzlLY2dHbGw0dklSaEJhdHlDekJYaldJRnpmVnNHNytjNlhnc3RTRTFWT0tnUlpnWG9COFpLVGMzVG9MQ1BXcHVNdStDenRpNEIxYU51Mjhucnl6eUJ5Q1hNb0dnRlF5aGJ2QktQcjQxeGNXSVdIR2hIVHFjczdvM1FJZzZvVVBGbDkrdk16eGNudFVFUDJtQ1h1VXl3UUZsOVd6aVJta2t3K0xZN3FqcWhGQ3R1N1c3N293Qm5WNmJlcjJQL2tYcGFGUGpzemk1RjkzYVhvVG5wemlBUUR5K2MvVktOZU01Tmd2RVRyMXlJYUw2U3haN3UrK3V4bG83RjFGaW5qQmltM0Iyd0lpSnB0TFpjSFBUQmRqMTdPcmtjZnZRUVJhdElmZ1hjV2Y3ZHg5T3NxVGx1bEhuWVdOUjRVdUREZnRNdlc2NFR3cFlqdXZiTUtYTHdYTXQ5T0drMk4rdGJpVWJDQ052emlSOE9PYjZLYzFtVUl4OGpndFRHVDFXOVlNaHFVVDJlSHg1Qnd4Y1BNeU1QZTFxOWdmc2RycXc0c0tXcy9FcDlpSlZMakZ6LytKdUlxU1dxOHNaK2RMUFlCc1R3bFRJNTdxQXlSVS9mck1jbEZOM1puVThNQU11NzVkRE5KUFdlTElLZkFzWktNNjZtS0VrRXdJeHpOb0NUN3gwTUUveElCQjd2ODFINmthUmNScHE4MUhmZGExNytWamtlN1o2UU1nUTo6olsPAJsO4CEAbf4zt4fdIg==\"\/><input type=\"hidden\" id=\"_acf_nonce\" name=\"_acf_nonce\" value=\"47e0e2222b\"\/><input type=\"hidden\" id=\"_acf_changed\" name=\"_acf_changed\" value=\"0\"\/>\t<\/div>\n\t\t\t\t<div class=\"acf-fields acf-form-fields -top\">\n\t\t\t\t\t\t\t\t<div class=\"acf-field acf-field-post-object acf-field-62e27c7d8dc5c\" data-name=\"konferencja1\" data-type=\"post_object\" data-key=\"field_62e27c7d8dc5c\">\n<div class=\"acf-label\">\n<label for=\"acf-field_62e27c7d8dc5c\">Konferencja<\/label><\/div>\n<div class=\"acf-input\">\n<input type=\"hidden\" id=\"acf-field_62e27c7d8dc5c-input\" name=\"acf[field_62e27c7d8dc5c]\"\/><select id=\"acf-field_62e27c7d8dc5c\" class=\"\" name=\"acf[field_62e27c7d8dc5c]\" data-ui=\"1\" data-ajax=\"1\" data-multiple=\"0\" data-placeholder=\"Wybierz\" data-allow_null=\"0\" data-nonce=\"b3005351c1\"><\/select><\/div>\n<\/div>\n<div class=\"acf-field acf-field-text acf-field-6228ac6cad234 is-required\" data-name=\"imie\" data-type=\"text\" data-key=\"field_6228ac6cad234\" data-required=\"1\">\n<div class=\"acf-label\">\n<label for=\"acf-field_6228ac6cad234\">Imi\u0119 <span class=\"acf-required\">*<\/span><\/label><\/div>\n<div class=\"acf-input\">\n<div class=\"acf-input-wrap\"><input type=\"text\" id=\"acf-field_6228ac6cad234\" name=\"acf[field_6228ac6cad234]\" placeholder=\"Wpisz imi\u0119\" required=\"required\"\/><\/div><\/div>\n<\/div>\n<div class=\"acf-field acf-field-text acf-field-6228ac90ad235 is-required\" data-name=\"nazwisko\" data-type=\"text\" data-key=\"field_6228ac90ad235\" data-required=\"1\">\n<div class=\"acf-label\">\n<label for=\"acf-field_6228ac90ad235\">Nazwisko <span class=\"acf-required\">*<\/span><\/label><\/div>\n<div class=\"acf-input\">\n<div class=\"acf-input-wrap\"><input type=\"text\" id=\"acf-field_6228ac90ad235\" name=\"acf[field_6228ac90ad235]\" placeholder=\"Wpisz nazwisko\" required=\"required\"\/><\/div><\/div>\n<\/div>\n<div class=\"acf-field acf-field-email acf-field-6228aca8ad236 is-required\" data-name=\"e-mail\" data-type=\"email\" data-key=\"field_6228aca8ad236\" data-required=\"1\">\n<div class=\"acf-label\">\n<label for=\"acf-field_6228aca8ad236\">E-mail <span class=\"acf-required\">*<\/span><\/label><\/div>\n<div class=\"acf-input\">\n<div class=\"acf-input-wrap\"><input type=\"email\" id=\"acf-field_6228aca8ad236\" name=\"acf[field_6228aca8ad236]\" placeholder=\"Wpisz e-mail\" required=\"required\"\/><\/div><\/div>\n<\/div>\n<div class=\"acf-field acf-field-number acf-field-6228acc8ad237 is-required\" data-name=\"numer_telefonu\" data-type=\"number\" data-key=\"field_6228acc8ad237\" data-required=\"1\">\n<div class=\"acf-label\">\n<label for=\"acf-field_6228acc8ad237\">Numer telefonu <span class=\"acf-required\">*<\/span><\/label><\/div>\n<div class=\"acf-input\">\n<div class=\"acf-input-wrap\"><input type=\"number\" id=\"acf-field_6228acc8ad237\" name=\"acf[field_6228acc8ad237]\" step=\"any\" required=\"required\"\/><\/div><\/div>\n<\/div>\n<div class=\"acf-field acf-field-text acf-field-6228aceaad238\" data-name=\"tytul_naukowy\" data-type=\"text\" data-key=\"field_6228aceaad238\">\n<div class=\"acf-label\">\n<label for=\"acf-field_6228aceaad238\">Tytu\u0142 naukowy<\/label><\/div>\n<div class=\"acf-input\">\n<div class=\"acf-input-wrap\"><input type=\"text\" id=\"acf-field_6228aceaad238\" name=\"acf[field_6228aceaad238]\" placeholder=\"Wpisz tytu\u0142 naukowy\"\/><\/div><\/div>\n<\/div>\n<div class=\"acf-field acf-field-text acf-field-6228ad0ead239 is-required\" data-name=\"afiliacja\" data-type=\"text\" data-key=\"field_6228ad0ead239\" data-required=\"1\">\n<div class=\"acf-label\">\n<label for=\"acf-field_6228ad0ead239\">Afiliacja <span class=\"acf-required\">*<\/span><\/label><\/div>\n<div class=\"acf-input\">\n<div class=\"acf-input-wrap\"><input type=\"text\" id=\"acf-field_6228ad0ead239\" name=\"acf[field_6228ad0ead239]\" placeholder=\"Wpisz swoj\u0105 afiliacj\u0119\" required=\"required\"\/><\/div><\/div>\n<\/div>\n<div class=\"acf-field acf-field-radio acf-field-6228ae21ad23a\" data-name=\"udzial_w_konferencji\" data-type=\"radio\" data-key=\"field_6228ae21ad23a\">\n<div class=\"acf-label\">\n<label id=\"acf-field_6228ae21ad23a-label\">Udzia\u0142 w konferencji<\/label><\/div>\n<div class=\"acf-input\">\n<input type=\"hidden\" name=\"acf[field_6228ae21ad23a]\"\/><ul class=\"acf-radio-list acf-bl\" data-allow_null=\"0\" data-other_choice=\"0\" role=\"radiogroup\" aria-labelledby=\"acf-field_6228ae21ad23a-label\"><li><label class=\"selected\"><input type=\"radio\" id=\"acf-field_6228ae21ad23a-czynny\" name=\"acf[field_6228ae21ad23a]\" value=\"czynny\" checked=\"checked\"\/>czynny<\/label><\/li><li><label><input type=\"radio\" id=\"acf-field_6228ae21ad23a-bierny\" name=\"acf[field_6228ae21ad23a]\" value=\"bierny\"\/>bierny<\/label><\/li><\/ul><\/div>\n<\/div>\n<div class=\"acf-field acf-field-message acf-field-6228ae5ead23b\" data-type=\"message\" data-key=\"field_6228ae5ead23b\">\n<div class=\"acf-label\">\n<\/div>\n<div class=\"acf-input\">\n<h3>Dane do faktury<\/h3>\n<\/div>\n<\/div>\n<div class=\"acf-field acf-field-textarea acf-field-6228ae96ad23c is-required\" data-name=\"dane_jednostki\" data-type=\"textarea\" data-key=\"field_6228ae96ad23c\" data-required=\"1\">\n<div class=\"acf-label\">\n<label for=\"acf-field_6228ae96ad23c\">Dane jednostki <span class=\"acf-required\">*<\/span><\/label><\/div>\n<div class=\"acf-input\">\n<textarea id=\"acf-field_6228ae96ad23c\" name=\"acf[field_6228ae96ad23c]\" placeholder=\"Wpisz dane jednostki\" rows=\"4\" required=\"required\"><\/textarea><\/div>\n<\/div>\n<div class=\"acf-field acf-field-number acf-field-6228aedead23d is-required\" data-name=\"nip\" data-type=\"number\" data-key=\"field_6228aedead23d\" data-required=\"1\">\n<div class=\"acf-label\">\n<label for=\"acf-field_6228aedead23d\">NIP <span class=\"acf-required\">*<\/span><\/label><\/div>\n<div class=\"acf-input\">\n<div class=\"acf-input-wrap\"><input type=\"number\" id=\"acf-field_6228aedead23d\" name=\"acf[field_6228aedead23d]\" step=\"any\" placeholder=\"Wpisz NIP\" required=\"required\"\/><\/div><\/div>\n<\/div>\n<div class=\"acf-field acf-field-checkbox acf-field-6228aefdad23e is-required\" data-name=\"zgoda_rodo\" data-type=\"checkbox\" data-key=\"field_6228aefdad23e\" data-required=\"1\">\n<div class=\"acf-label\">\n<label id=\"acf-field_6228aefdad23e-label\">Zgoda rodo <span class=\"acf-required\">*<\/span><\/label><\/div>\n<div class=\"acf-input\">\n<input type=\"hidden\" name=\"acf[field_6228aefdad23e]\"\/><ul class=\"acf-checkbox-list acf-bl\" role=\"group\" aria-labelledby=\"acf-field_6228aefdad23e-label\">\n<li><label><input type=\"checkbox\" id=\"acf-field_6228aefdad23e-Zgoda-na-przetwarzanie-danych-osobowych---&lt;a-href=&quot;https:\/\/uwr.edu.pl\/polityka-prywatnosci\/&quot;&gt;RODO&lt;\/a&gt;\" name=\"acf[field_6228aefdad23e][]\" value=\"Zgoda na przetwarzanie danych osobowych - &lt;a href=&quot;https:\/\/uwr.edu.pl\/polityka-prywatnosci\/&quot;&gt;RODO&lt;\/a&gt;\"\/> Zgoda na przetwarzanie danych osobowych - <a href=\"https:\/\/uwr.edu.pl\/polityka-prywatnosci\/\">RODO<\/a><\/label><\/li>\n<\/ul>\n<\/div>\n<\/div>\n<div class=\"acf-field acf-field-text acf-field--validate-email\" style=\"display:none !important;\" data-name=\"_validate_email\" data-type=\"text\" data-key=\"_validate_email\">\n<div class=\"acf-label\">\n<label for=\"acf-_validate_email\">Potwierd\u017a e-mail<\/label><\/div>\n<div class=\"acf-input\">\n<div class=\"acf-input-wrap\"><input type=\"text\" id=\"acf-_validate_email\" name=\"acf[_validate_email]\"\/><\/div><\/div>\n<\/div>\n\t\t\t\t\t\t\t<\/div>\n\t\t\t\t\t\t\t<div class=\"acf-form-submit\">\n\t\t\t\t\t<input type=\"submit\" class=\"acf-button button button-primary button-large\" value=\"Zapisz si\u0119\" \/>\t\t\t\t\t<span class=\"acf-spinner\"><\/span>\t\t\t\t<\/div>\n\t\t\t\t<\/form>\n\t\t\t<\/div>\n            <\/div>\n        <\/div>\n        \n","protected":false},"excerpt":{"rendered":"","protected":false},"author":587,"featured_media":0,"parent":0,"menu_order":0,"comment_status":"closed","ping_status":"closed","template":"","meta":{"_acf_changed":false,"inline_featured_image":false,"site-sidebar-layout":"default","site-content-layout":"","ast-site-content-layout":"default","site-content-style":"default","site-sidebar-style":"default","ast-global-header-display":"","ast-banner-title-visibility":"","ast-main-header-display":"","ast-hfb-above-header-display":"","ast-hfb-below-header-display":"","ast-hfb-mobile-header-display":"","site-post-title":"","ast-breadcrumbs-content":"","ast-featured-img":"","footer-sml-layout":"","ast-disable-related-posts":"","theme-transparent-header-meta":"","adv-header-id-meta":"","stick-header-meta":"","header-above-stick-meta":"","header-main-stick-meta":"","header-below-stick-meta":"","astra-migrate-meta-layouts":"default","ast-page-background-enabled":"default","ast-page-background-meta":{"desktop":{"background-color":"","background-image":"","background-repeat":"repeat","background-position":"center center","background-size":"auto","background-attachment":"scroll","background-type":"","background-media":"","overlay-type":"","overlay-color":"","overlay-opacity":"","overlay-gradient":""},"tablet":{"background-color":"","background-image":"","background-repeat":"repeat","background-position":"center center","background-size":"auto","background-attachment":"scroll","background-type":"","background-media":"","overlay-type":"","overlay-color":"","overlay-opacity":"","overlay-gradient":""},"mobile":{"background-color":"","background-image":"","background-repeat":"repeat","background-position":"center center","background-size":"auto","background-attachment":"scroll","background-type":"","background-media":"","overlay-type":"","overlay-color":"","overlay-opacity":"","overlay-gradient":""}},"ast-content-background-meta":{"desktop":{"background-color":"var(--ast-global-color-5)","background-image":"","background-repeat":"repeat","background-position":"center center","background-size":"auto","background-attachment":"scroll","background-type":"","background-media":"","overlay-type":"","overlay-color":"","overlay-opacity":"","overlay-gradient":""},"tablet":{"background-color":"var(--ast-global-color-5)","background-image":"","background-repeat":"repeat","background-position":"center center","background-size":"auto","background-attachment":"scroll","background-type":"","background-media":"","overlay-type":"","overlay-color":"","overlay-opacity":"","overlay-gradient":""},"mobile":{"background-color":"var(--ast-global-color-5)","background-image":"","background-repeat":"repeat","background-position":"center center","background-size":"auto","background-attachment":"scroll","background-type":"","background-media":"","overlay-type":"","overlay-color":"","overlay-opacity":"","overlay-gradient":""}},"footnotes":""},"categories":[],"tags":[],"class_list":["post-23775","page","type-page","status-publish","hentry"],"featured_image_urls_v2":{"full":"","thumbnail":"","medium":"","medium_large":"","large":"","1536x1536":"","2048x2048":"","menu-24x24":"","menu-36x36":"","menu-48x48":""},"post_excerpt_stackable_v2":"<p>Rejestracja na konferencj\u0119 Konferencja Imi\u0119 * Nazwisko * E-mail * Numer telefonu * Tytu\u0142 naukowy Afiliacja * Udzia\u0142 w konferencji czynnybierny Dane do faktury Dane jednostki * NIP * Zgoda rodo * Zgoda na przetwarzanie danych osobowych &#8211; RODO Potwierd\u017a e-mail<\/p>\n","category_list_v2":"Bez kategorii","author_info_v2":{"name":"kpolinceusz","url":"https:\/\/cssf.uwr.edu.pl\/pl\/author\/kpolinceusz\/"},"comments_num_v2":"0 comments","acf":[],"yoast_head":"<!-- This site is optimized with the Yoast SEO plugin v27.1.1 - https:\/\/yoast.com\/product\/yoast-seo-wordpress\/ -->\n<title>Rejestracja na konferencj\u0119 - The Center for Simulations of Superdense Fluids - Centrum Symulacji Superg\u0119stych P\u0142yn\u00f3w<\/title>\n<meta name=\"robots\" content=\"index, follow, max-snippet:-1, max-image-preview:large, max-video-preview:-1\" \/>\n<link rel=\"canonical\" href=\"https:\/\/cssf.uwr.edu.pl\/pl\/rejestracja-na-konferencje\/\" \/>\n<meta property=\"og:locale\" content=\"pl_PL\" \/>\n<meta property=\"og:type\" content=\"article\" \/>\n<meta property=\"og:title\" content=\"Rejestracja na konferencj\u0119 - The Center for Simulations of Superdense Fluids - Centrum Symulacji Superg\u0119stych P\u0142yn\u00f3w\" \/>\n<meta property=\"og:url\" content=\"https:\/\/cssf.uwr.edu.pl\/pl\/rejestracja-na-konferencje\/\" \/>\n<meta property=\"og:site_name\" content=\"The Center for Simulations of Superdense Fluids - Centrum Symulacji Superg\u0119stych P\u0142yn\u00f3w\" \/>\n<meta property=\"article:modified_time\" content=\"2023-02-20T07:30:14+00:00\" \/>\n<meta name=\"twitter:card\" content=\"summary_large_image\" \/>\n<meta name=\"twitter:label1\" content=\"Szacowany czas czytania\" \/>\n\t<meta name=\"twitter:data1\" content=\"1 minuta\" \/>\n<script type=\"application\/ld+json\" class=\"yoast-schema-graph\">{\"@context\":\"https:\/\/schema.org\",\"@graph\":[{\"@type\":\"WebPage\",\"@id\":\"https:\/\/cssf.uwr.edu.pl\/pl\/rejestracja-na-konferencje\/\",\"url\":\"https:\/\/cssf.uwr.edu.pl\/pl\/rejestracja-na-konferencje\/\",\"name\":\"Rejestracja na konferencj\u0119 - The Center for Simulations of Superdense Fluids - Centrum Symulacji Superg\u0119stych P\u0142yn\u00f3w\",\"isPartOf\":{\"@id\":\"https:\/\/cssf.uwr.edu.pl\/pl\/#website\"},\"datePublished\":\"2023-02-20T07:30:07+00:00\",\"dateModified\":\"2023-02-20T07:30:14+00:00\",\"breadcrumb\":{\"@id\":\"https:\/\/cssf.uwr.edu.pl\/pl\/rejestracja-na-konferencje\/#breadcrumb\"},\"inLanguage\":\"pl-PL\",\"potentialAction\":[{\"@type\":\"ReadAction\",\"target\":[\"https:\/\/cssf.uwr.edu.pl\/pl\/rejestracja-na-konferencje\/\"]}]},{\"@type\":\"BreadcrumbList\",\"@id\":\"https:\/\/cssf.uwr.edu.pl\/pl\/rejestracja-na-konferencje\/#breadcrumb\",\"itemListElement\":[{\"@type\":\"ListItem\",\"position\":1,\"name\":\"Strona g\u0142\u00f3wna\",\"item\":\"https:\/\/cssf.uwr.edu.pl\/pl\/\"},{\"@type\":\"ListItem\",\"position\":2,\"name\":\"Rejestracja na konferencj\u0119\"}]},{\"@type\":\"WebSite\",\"@id\":\"https:\/\/cssf.uwr.edu.pl\/pl\/#website\",\"url\":\"https:\/\/cssf.uwr.edu.pl\/pl\/\",\"name\":\"The Center for Simulations of Superdense Fluids - Centrum Symulacji Superg\u0119stych P\u0142yn\u00f3w\",\"description\":\"Kolejna witryna sieci \u201eUWR Witryny\u201d\",\"publisher\":{\"@id\":\"https:\/\/cssf.uwr.edu.pl\/pl\/#organization\"},\"potentialAction\":[{\"@type\":\"SearchAction\",\"target\":{\"@type\":\"EntryPoint\",\"urlTemplate\":\"https:\/\/cssf.uwr.edu.pl\/pl\/?s={search_term_string}\"},\"query-input\":{\"@type\":\"PropertyValueSpecification\",\"valueRequired\":true,\"valueName\":\"search_term_string\"}}],\"inLanguage\":\"pl-PL\"},{\"@type\":\"Organization\",\"@id\":\"https:\/\/cssf.uwr.edu.pl\/pl\/#organization\",\"name\":\"The Center for Simulations of Superdense Fluids - Centrum Symulacji Superg\u0119stych P\u0142yn\u00f3w\",\"url\":\"https:\/\/cssf.uwr.edu.pl\/pl\/\",\"logo\":{\"@type\":\"ImageObject\",\"inLanguage\":\"pl-PL\",\"@id\":\"https:\/\/cssf.uwr.edu.pl\/pl\/#\/schema\/logo\/image\/\",\"url\":\"https:\/\/cssf.uwr.edu.pl\/wp-content\/uploads\/sites\/276\/2025\/10\/UWr-logotyp-2025.png\",\"contentUrl\":\"https:\/\/cssf.uwr.edu.pl\/wp-content\/uploads\/sites\/276\/2025\/10\/UWr-logotyp-2025.png\",\"width\":764,\"height\":269,\"caption\":\"The Center for Simulations of Superdense Fluids - Centrum Symulacji Superg\u0119stych P\u0142yn\u00f3w\"},\"image\":{\"@id\":\"https:\/\/cssf.uwr.edu.pl\/pl\/#\/schema\/logo\/image\/\"}}]}<\/script>\n<!-- \/ Yoast SEO plugin. -->","yoast_head_json":{"title":"Rejestracja na konferencj\u0119 - The Center for Simulations of Superdense Fluids - Centrum Symulacji Superg\u0119stych P\u0142yn\u00f3w","robots":{"index":"index","follow":"follow","max-snippet":"max-snippet:-1","max-image-preview":"max-image-preview:large","max-video-preview":"max-video-preview:-1"},"canonical":"https:\/\/cssf.uwr.edu.pl\/pl\/rejestracja-na-konferencje\/","og_locale":"pl_PL","og_type":"article","og_title":"Rejestracja na konferencj\u0119 - The Center for Simulations of Superdense Fluids - Centrum Symulacji Superg\u0119stych P\u0142yn\u00f3w","og_url":"https:\/\/cssf.uwr.edu.pl\/pl\/rejestracja-na-konferencje\/","og_site_name":"The Center for Simulations of Superdense Fluids - Centrum Symulacji Superg\u0119stych P\u0142yn\u00f3w","article_modified_time":"2023-02-20T07:30:14+00:00","twitter_card":"summary_large_image","twitter_misc":{"Szacowany czas czytania":"1 minuta"},"schema":{"@context":"https:\/\/schema.org","@graph":[{"@type":"WebPage","@id":"https:\/\/cssf.uwr.edu.pl\/pl\/rejestracja-na-konferencje\/","url":"https:\/\/cssf.uwr.edu.pl\/pl\/rejestracja-na-konferencje\/","name":"Rejestracja na konferencj\u0119 - The Center for Simulations of Superdense Fluids - Centrum Symulacji Superg\u0119stych P\u0142yn\u00f3w","isPartOf":{"@id":"https:\/\/cssf.uwr.edu.pl\/pl\/#website"},"datePublished":"2023-02-20T07:30:07+00:00","dateModified":"2023-02-20T07:30:14+00:00","breadcrumb":{"@id":"https:\/\/cssf.uwr.edu.pl\/pl\/rejestracja-na-konferencje\/#breadcrumb"},"inLanguage":"pl-PL","potentialAction":[{"@type":"ReadAction","target":["https:\/\/cssf.uwr.edu.pl\/pl\/rejestracja-na-konferencje\/"]}]},{"@type":"BreadcrumbList","@id":"https:\/\/cssf.uwr.edu.pl\/pl\/rejestracja-na-konferencje\/#breadcrumb","itemListElement":[{"@type":"ListItem","position":1,"name":"Strona g\u0142\u00f3wna","item":"https:\/\/cssf.uwr.edu.pl\/pl\/"},{"@type":"ListItem","position":2,"name":"Rejestracja na konferencj\u0119"}]},{"@type":"WebSite","@id":"https:\/\/cssf.uwr.edu.pl\/pl\/#website","url":"https:\/\/cssf.uwr.edu.pl\/pl\/","name":"The Center for Simulations of Superdense Fluids - Centrum Symulacji Superg\u0119stych P\u0142yn\u00f3w","description":"Kolejna witryna sieci \u201eUWR Witryny\u201d","publisher":{"@id":"https:\/\/cssf.uwr.edu.pl\/pl\/#organization"},"potentialAction":[{"@type":"SearchAction","target":{"@type":"EntryPoint","urlTemplate":"https:\/\/cssf.uwr.edu.pl\/pl\/?s={search_term_string}"},"query-input":{"@type":"PropertyValueSpecification","valueRequired":true,"valueName":"search_term_string"}}],"inLanguage":"pl-PL"},{"@type":"Organization","@id":"https:\/\/cssf.uwr.edu.pl\/pl\/#organization","name":"The Center for Simulations of Superdense Fluids - Centrum Symulacji Superg\u0119stych P\u0142yn\u00f3w","url":"https:\/\/cssf.uwr.edu.pl\/pl\/","logo":{"@type":"ImageObject","inLanguage":"pl-PL","@id":"https:\/\/cssf.uwr.edu.pl\/pl\/#\/schema\/logo\/image\/","url":"https:\/\/cssf.uwr.edu.pl\/wp-content\/uploads\/sites\/276\/2025\/10\/UWr-logotyp-2025.png","contentUrl":"https:\/\/cssf.uwr.edu.pl\/wp-content\/uploads\/sites\/276\/2025\/10\/UWr-logotyp-2025.png","width":764,"height":269,"caption":"The Center for Simulations of Superdense Fluids - Centrum Symulacji Superg\u0119stych P\u0142yn\u00f3w"},"image":{"@id":"https:\/\/cssf.uwr.edu.pl\/pl\/#\/schema\/logo\/image\/"}}]}},"publishpress_future_action":{"enabled":false,"date":"2026-04-20 20:43:50","action":"change-status","newStatus":"draft","terms":[],"taxonomy":"category","extraData":[]},"publishpress_future_workflow_manual_trigger":{"enabledWorkflows":[]},"_links":{"self":[{"href":"https:\/\/cssf.uwr.edu.pl\/pl\/wp-json\/wp\/v2\/pages\/23775","targetHints":{"allow":["GET"]}}],"collection":[{"href":"https:\/\/cssf.uwr.edu.pl\/pl\/wp-json\/wp\/v2\/pages"}],"about":[{"href":"https:\/\/cssf.uwr.edu.pl\/pl\/wp-json\/wp\/v2\/types\/page"}],"author":[{"embeddable":true,"href":"https:\/\/cssf.uwr.edu.pl\/pl\/wp-json\/wp\/v2\/users\/587"}],"replies":[{"embeddable":true,"href":"https:\/\/cssf.uwr.edu.pl\/pl\/wp-json\/wp\/v2\/comments?post=23775"}],"version-history":[{"count":1,"href":"https:\/\/cssf.uwr.edu.pl\/pl\/wp-json\/wp\/v2\/pages\/23775\/revisions"}],"predecessor-version":[{"id":23778,"href":"https:\/\/cssf.uwr.edu.pl\/pl\/wp-json\/wp\/v2\/pages\/23775\/revisions\/23778"}],"wp:attachment":[{"href":"https:\/\/cssf.uwr.edu.pl\/pl\/wp-json\/wp\/v2\/media?parent=23775"}],"wp:term":[{"taxonomy":"category","embeddable":true,"href":"https:\/\/cssf.uwr.edu.pl\/pl\/wp-json\/wp\/v2\/categories?post=23775"},{"taxonomy":"post_tag","embeddable":true,"href":"https:\/\/cssf.uwr.edu.pl\/pl\/wp-json\/wp\/v2\/tags?post=23775"}],"curies":[{"name":"wp","href":"https:\/\/api.w.org\/{rel}","templated":true}]}}