{"id":30,"date":"2021-04-12T12:11:49","date_gmt":"2021-04-12T10:11:49","guid":{"rendered":"https:\/\/cssf.uwr.edu.pl\/?page_id=30"},"modified":"2026-04-11T00:37:15","modified_gmt":"2026-04-10T22:37:15","slug":"strona-glowna2-2","status":"publish","type":"page","link":"https:\/\/cssf.uwr.edu.pl\/pl\/","title":{"rendered":"The Centre for Simulations of Superdense"},"content":{"rendered":"\n<div class=\"bs_add_mobile_custom_menu\"><\/div>\n\n\n\n<div class=\"wp-block-columns alignfull bs-section-baner bs_add_contained_custom_menu is-layout-flex wp-block-columns-is-layout-flex\">\n<div class=\"wp-block-column is-vertically-aligned-center bs-baner-first-column is-layout-flow wp-block-column-is-layout-flow\" style=\"flex-basis:60%\">\n<figure class=\"wp-block-image alignright size-large is-resized bs-baner-strzalka\"><img loading=\"lazy\" decoding=\"async\" width=\"77\" height=\"77\" src=\"https:\/\/cssf.uwr.edu.pl\/wp-content\/uploads\/sites\/276\/2022\/06\/Group-609-1-3.svg\" alt=\"strza\u0142ka w d\u00f3\u0142\" class=\"wp-image-22621\" style=\"width:30px;height:auto\"\/><\/figure>\n\n\n\n<figure class=\"wp-block-image aligncenter size-large is-resized\"><a href=\"https:\/\/cssf.uwr.edu.pl\/credentials\"><img loading=\"lazy\" decoding=\"async\" width=\"1024\" height=\"464\" src=\"https:\/\/cssf.uwr.edu.pl\/wp-content\/uploads\/sites\/276\/2024\/03\/CSSF_toplogo3-1024x464.png\" alt=\"CSSF logo\" class=\"wp-image-24258\" style=\"width:357px;height:auto\" srcset=\"https:\/\/cssf.uwr.edu.pl\/wp-content\/uploads\/sites\/276\/2024\/03\/CSSF_toplogo3-1024x464.png 1024w, https:\/\/cssf.uwr.edu.pl\/wp-content\/uploads\/sites\/276\/2024\/03\/CSSF_toplogo3-300x136.png 300w, https:\/\/cssf.uwr.edu.pl\/wp-content\/uploads\/sites\/276\/2024\/03\/CSSF_toplogo3-768x348.png 768w, https:\/\/cssf.uwr.edu.pl\/wp-content\/uploads\/sites\/276\/2024\/03\/CSSF_toplogo3-1536x697.png 1536w, https:\/\/cssf.uwr.edu.pl\/wp-content\/uploads\/sites\/276\/2024\/03\/CSSF_toplogo3-2048x929.png 2048w, https:\/\/cssf.uwr.edu.pl\/wp-content\/uploads\/sites\/276\/2024\/03\/CSSF_toplogo3-1320x599.png 1320w, https:\/\/cssf.uwr.edu.pl\/wp-content\/uploads\/sites\/276\/2024\/03\/CSSF_toplogo3-24x11.png 24w, https:\/\/cssf.uwr.edu.pl\/wp-content\/uploads\/sites\/276\/2024\/03\/CSSF_toplogo3-36x16.png 36w, https:\/\/cssf.uwr.edu.pl\/wp-content\/uploads\/sites\/276\/2024\/03\/CSSF_toplogo3-48x22.png 48w\" sizes=\"auto, (max-width: 1024px) 100vw, 1024px\" \/><\/a><\/figure>\n\n\n\n<div class=\"wp-block-stackable-divider stk-block-divider stk-block stk-421ba29\" data-block-id=\"421ba29\"><style>.stk-421ba29 {margin-bottom:4px !important;}<\/style><hr class=\"stk-block-divider__hr\"\/><\/div>\n\n\n\n<figure class=\"wp-block-image aligncenter size-large is-resized\"><a href=\"https:\/\/cssf.uwr.edu.pl\/credentials\/\"><img decoding=\"async\" src=\"https:\/\/cssf.uwr.edu.pl\/wp-content\/uploads\/sites\/276\/slider15\/kanavideo5.gif\" alt=\"CSSF logo\" style=\"width:688px;height:auto\" title=\"Kana, our mascot, studies heavy-ion collisions.\"\/><\/a><\/figure>\n<\/div>\n\n\n\n<div class=\"wp-block-column bs-baner-second-column is-layout-flow wp-block-column-is-layout-flow\" style=\"flex-basis:40%\">\n<div class=\"wp-block-columns is-layout-flex wp-block-columns-is-layout-flex\">\n<div class=\"wp-block-column is-layout-flow wp-block-column-is-layout-flow\">\n<div class=\"wp-block-stackable-columns stk-block-columns stk-block stk-4a74893\" data-block-id=\"4a74893\"><div class=\"stk-row stk-inner-blocks stk-block-content stk-content-align stk-4a74893-column\">\n<div class=\"wp-block-stackable-column stk-block-column stk-column stk-block stk-3b39ed8\" data-v=\"4\" data-block-id=\"3b39ed8\"><div class=\"stk-column-wrapper stk-block-column__content stk-container stk-3b39ed8-container stk--no-background stk--no-padding\"><div class=\"stk-block-content stk-inner-blocks stk-3b39ed8-inner-blocks\">\n<figure class=\"wp-block-image aligncenter size-large is-resized\"><img loading=\"lazy\" decoding=\"async\" width=\"1024\" height=\"146\" src=\"https:\/\/cssf.uwr.edu.pl\/wp-content\/uploads\/sites\/276\/2024\/03\/block-1024x146.png\" alt=\"white block\" class=\"wp-image-24255\" style=\"width:352px;height:auto\" srcset=\"https:\/\/cssf.uwr.edu.pl\/wp-content\/uploads\/sites\/276\/2024\/03\/block-1024x146.png 1024w, https:\/\/cssf.uwr.edu.pl\/wp-content\/uploads\/sites\/276\/2024\/03\/block-300x43.png 300w, https:\/\/cssf.uwr.edu.pl\/wp-content\/uploads\/sites\/276\/2024\/03\/block-768x110.png 768w, https:\/\/cssf.uwr.edu.pl\/wp-content\/uploads\/sites\/276\/2024\/03\/block-1536x220.png 1536w, https:\/\/cssf.uwr.edu.pl\/wp-content\/uploads\/sites\/276\/2024\/03\/block-2048x293.png 2048w, https:\/\/cssf.uwr.edu.pl\/wp-content\/uploads\/sites\/276\/2024\/03\/block-1320x189.png 1320w, https:\/\/cssf.uwr.edu.pl\/wp-content\/uploads\/sites\/276\/2024\/03\/block-24x3.png 24w, https:\/\/cssf.uwr.edu.pl\/wp-content\/uploads\/sites\/276\/2024\/03\/block-36x5.png 36w, https:\/\/cssf.uwr.edu.pl\/wp-content\/uploads\/sites\/276\/2024\/03\/block-48x7.png 48w\" sizes=\"auto, (max-width: 1024px) 100vw, 1024px\" \/><\/figure>\n\n\n\n<div class=\"wp-block-stackable-divider stk-block-divider stk-block stk-7e7a18d\" data-block-id=\"7e7a18d\"><style>.stk-7e7a18d {margin-bottom:0px !important;}<\/style><hr class=\"stk-block-divider__hr\"\/><\/div>\n\n\n\n<div class=\"wp-block-stackable-columns stk-block-columns stk-block stk-a3cdd29\" data-block-id=\"a3cdd29\"><style>.stk-a3cdd29 {margin-bottom:16px !important;}<\/style><div class=\"stk-row stk-inner-blocks stk-block-content stk-content-align stk-a3cdd29-column\">\n<div class=\"wp-block-stackable-column stk-block-column stk-column stk-block stk-02b6d92\" data-v=\"4\" data-block-id=\"02b6d92\"><div class=\"stk-column-wrapper stk-block-column__content stk-container stk-02b6d92-container stk--no-background stk--no-padding\"><div class=\"stk-block-content stk-inner-blocks stk-02b6d92-inner-blocks\">\n<p>The Centre for Simulations of Superdense Fluids was a research group dedicated to understanding the properties of strongly interacting matter in extreme temperatures and densities. It was established as an <a href=\"http:\/\/uwr.edu.pl\/en\/research-university\/incubators-of-research-excellence\/\">Incubator of Scientific Excellence<\/a> under the <a href=\"https:\/\/uwr.edu.pl\/en\/research-university\/\">Excellence Initiative &#8212; Research University<\/a>, and active from October 2021 to the end of the year 2025.<\/p>\n<\/div><\/div><\/div>\n<\/div><\/div>\n\n\n\n<div class=\"wp-block-stackable-columns stk-block-columns stk-block stk-5231418\" data-block-id=\"5231418\"><div class=\"stk-row stk-inner-blocks stk-block-content stk-content-align stk-5231418-column\">\n<div class=\"wp-block-stackable-column stk-block-column stk-column stk-block stk-cb5e310\" data-v=\"4\" data-block-id=\"cb5e310\"><div class=\"stk-column-wrapper stk-block-column__content stk-container stk-cb5e310-container stk--no-background stk--no-padding\"><div class=\"stk-block-content stk-inner-blocks stk-cb5e310-inner-blocks\">\n<p>We thank the University of Wroc\u0142aw for giving us this funding and opportunity. <a href=\"http:\/\/cssf.uwr.edu.pl\/the-team\">We<\/a> had fun, and did <a href=\"http:\/\/cssf.uwr.edu.pl\/publications\">a lot<\/a> of good physics!<\/p>\n<\/div><\/div><\/div>\n<\/div><\/div>\n<\/div><\/div><\/div>\n<\/div><\/div>\n<\/div>\n<\/div>\n<\/div>\n<\/div>\n\n\n\n<hr class=\"wp-block-separator has-text-color has-css-opacity has-background is-style-wide bs-border-na-sztywno\" style=\"background-color:#fcbd30;color:#fcbd30\"\/>\n\n\n\n<hr class=\"wp-block-separator has-text-color has-css-opacity has-background is-style-wide bs-border-na-sztywno\" style=\"background-color:#fcbd30;color:#fcbd30\"\/>\n\n\n\n<div class=\"alignfull wp-block-ugb-image-box ugb-image-box bs-baner-uczelnia-badawcza ugb-b298f2b ugb-image-box--v4 ugb-image-box--columns-1 ugb-image-box--design-basic ugb-image-box--align-left ugb-main-block\"><style>.ugb-b298f2b .ugb-image-box__box{border-radius:0px !important}.ugb-b298f2b .ugb-image-box__item{height:510px !important;justify-content:flex-end !important}.ugb-b298f2b .ugb-image-box__item1 .ugb-image-box__image{background-image:url(https:\/\/cssf.uwr.edu.pl\/wp-content\/uploads\/sites\/276\/2021\/04\/Group-583.svg)}.ugb-b298f2b .ugb-image-box__image{background-repeat:no-repeat !important;background-size:cover !important}.ugb-b298f2b .ugb-image-box__overlay-hover{background-color:#a72b0b !important}.ugb-b298f2b .ugb-image-box__item:hover .ugb-image-box__overlay-hover{opacity:0.8 !important}.ugb-b298f2b .ugb-image-box__description{font-family:\"Roboto\",Sans-serif !important;font-size:25px !important;font-weight:400 !important;line-height:1.4em !important;color:#ffffff !important}.ugb-b298f2b .ugb-inner-block{text-align:left}@media screen and (min-width:768px){.ugb-b298f2b.ugb-image-box{margin-bottom:0px !important}}@media screen and (min-width:768px) and (max-width:1025px){.ugb-b298f2b .ugb-image-box__item{height:300px !important}}@media screen and (max-width:768px){.ugb-b298f2b .ugb-image-box__item{height:300px !important}}<\/style><div class=\"ugb-inner-block\"><div class=\"ugb-block-content\"><div class=\"ugb-image-box__item ugb-image-box__item1 ugb-image-box__box ugb--shadow-0\"><div class=\"ugb-image-box__box ugb-image-box__image-wrapper\"><div class=\"ugb-image-box__box ugb-image-box__image\" role=\"img\" aria-label=\"Uniwersytet Wroc\u0142awski nale\u017cy do grona dziesi\u0119ciu najlepszych uczelni w Polsce \u2013 jeste\u015bmy Uczelni\u0105 Badawcz\u0105. Otrzymujemy dodatkowe finansowanie, dzi\u0119ki kt\u00f3remu mo\u017cemy szczeg\u00f3lnie zadba\u0107 o studentki i student\u00f3w oraz kadr\u0119 naukow\u0105. Tworzymy programy stypendialne, fundujemy granty, rozszerzamy ofert\u0119 w j\u0119zyku angielskim i zmniejszamy liczebno\u015b\u0107 podczas zaj\u0119\u0107 \u2013 wszystko po to, by jeszcze lepiej uczy\u0107, wsp\u00f3\u0142tworzy\u0107 i odkrywa\u0107.\"><\/div><\/div><div class=\"ugb-image-box__box ugb-image-box__overlay-hover\"><\/div><div class=\"ugb-image-box__content\"><p class=\"ugb-image-box__description\"><br><br><br>Uniwersytet Wroc\u0142awski nale\u017cy do grona dziesi\u0119ciu najlepszych uczelni w Polsce \u2013 jeste\u015bmy Uczelni\u0105 Badawcz\u0105. Otrzymujemy dodatkowe finansowanie, dzi\u0119ki kt\u00f3remu mo\u017cemy szczeg\u00f3lnie zadba\u0107 o studentki i student\u00f3w oraz kadr\u0119 naukow\u0105. Tworzymy programy stypendialne, fundujemy granty, rozszerzamy ofert\u0119 w j\u0119zyku angielskim i zmniejszamy liczebno\u015b\u0107 podczas zaj\u0119\u0107 \u2013 wszystko po to, by jeszcze lepiej uczy\u0107, wsp\u00f3\u0142tworzy\u0107 i odkrywa\u0107.<\/p><\/div><a class=\"ugb-image-box__overlay-link\" href=\"https:\/\/badawczy.uwr.edu.pl\/\" title=\"Uniwersytet Wroc\u0142awski nale\u017cy do grona dziesi\u0119ciu najlepszych uczelni w Polsce \u2013 jeste\u015bmy Uczelni\u0105 Badawcz\u0105. Otrzymujemy dodatkowe finansowanie, dzi\u0119ki kt\u00f3remu mo\u017cemy szczeg\u00f3lnie zadba\u0107 o studentki i student\u00f3w oraz kadr\u0119 naukow\u0105. Tworzymy programy stypendialne, fundujemy granty, rozszerzamy ofert\u0119 w j\u0119zyku angielskim i zmniejszamy liczebno\u015b\u0107 podczas zaj\u0119\u0107 \u2013 wszystko po to, by jeszcze lepiej uczy\u0107, wsp\u00f3\u0142tworzy\u0107 i odkrywa\u0107.\" aria-label=\"Uniwersytet Wroc\u0142awski nale\u017cy do grona dziesi\u0119ciu najlepszych uczelni w Polsce \u2013 jeste\u015bmy Uczelni\u0105 Badawcz\u0105. Otrzymujemy dodatkowe finansowanie, dzi\u0119ki kt\u00f3remu mo\u017cemy szczeg\u00f3lnie zadba\u0107 o studentki i student\u00f3w oraz kadr\u0119 naukow\u0105. Tworzymy programy stypendialne, fundujemy granty, rozszerzamy ofert\u0119 w j\u0119zyku angielskim i zmniejszamy liczebno\u015b\u0107 podczas zaj\u0119\u0107 \u2013 wszystko po to, by jeszcze lepiej uczy\u0107, wsp\u00f3\u0142tworzy\u0107 i odkrywa\u0107.\"><\/a><\/div><\/div><\/div><\/div>\n\n\n\n<hr class=\"wp-block-separator has-text-color has-css-opacity has-background is-style-wide bs-border-na-sztywno\" style=\"background-color:#fcbd30;color:#fcbd30\"\/>\n\n\n","protected":false},"excerpt":{"rendered":"<p>The Centre for Simulations of Superdense Fluids was a research group dedicated to understanding the properties of strongly interacting matter in extreme temperatures and densities. It was established as an Incubator of Scientific Excellence under the Excellence Initiative &#8212; Research University, and active from October 2021 to the end of the year 2025. We thank [&hellip;]<\/p>\n","protected":false},"author":20,"featured_media":0,"parent":0,"menu_order":0,"comment_status":"closed","ping_status":"closed","template":"","meta":{"_acf_changed":false,"inline_featured_image":false,"site-sidebar-layout":"no-sidebar","site-content-layout":"page-builder","ast-site-content-layout":"full-width-container","site-content-style":"unboxed","site-sidebar-style":"unboxed","ast-global-header-display":"","ast-banner-title-visibility":"","ast-main-header-display":"","ast-hfb-above-header-display":"disabled","ast-hfb-below-header-display":"","ast-hfb-mobile-header-display":"","site-post-title":"","ast-breadcrumbs-content":"","ast-featured-img":"","footer-sml-layout":"","ast-disable-related-posts":"","theme-transparent-header-meta":"default","adv-header-id-meta":"","stick-header-meta":"","header-above-stick-meta":"","header-main-stick-meta":"","header-below-stick-meta":"","astra-migrate-meta-layouts":"set","ast-page-background-enabled":"default","ast-page-background-meta":{"desktop":{"background-color":"","background-image":"","background-repeat":"repeat","background-position":"center center","background-size":"auto","background-attachment":"scroll","background-type":"","background-media":"","overlay-type":"","overlay-color":"","overlay-opacity":"","overlay-gradient":""},"tablet":{"background-color":"","background-image":"","background-repeat":"repeat","background-position":"center center","background-size":"auto","background-attachment":"scroll","background-type":"","background-media":"","overlay-type":"","overlay-color":"","overlay-opacity":"","overlay-gradient":""},"mobile":{"background-color":"","background-image":"","background-repeat":"repeat","background-position":"center center","background-size":"auto","background-attachment":"scroll","background-type":"","background-media":"","overlay-type":"","overlay-color":"","overlay-opacity":"","overlay-gradient":""}},"ast-content-background-meta":{"desktop":{"background-color":"var(--ast-global-color-5)","background-image":"","background-repeat":"repeat","background-position":"center center","background-size":"auto","background-attachment":"scroll","background-type":"","background-media":"","overlay-type":"","overlay-color":"","overlay-opacity":"","overlay-gradient":""},"tablet":{"background-color":"var(--ast-global-color-5)","background-image":"","background-repeat":"repeat","background-position":"center center","background-size":"auto","background-attachment":"scroll","background-type":"","background-media":"","overlay-type":"","overlay-color":"","overlay-opacity":"","overlay-gradient":""},"mobile":{"background-color":"var(--ast-global-color-5)","background-image":"","background-repeat":"repeat","background-position":"center center","background-size":"auto","background-attachment":"scroll","background-type":"","background-media":"","overlay-type":"","overlay-color":"","overlay-opacity":"","overlay-gradient":""}},"footnotes":""},"categories":[],"tags":[],"class_list":["post-30","page","type-page","status-publish","hentry"],"featured_image_urls_v2":{"full":"","thumbnail":"","medium":"","medium_large":"","large":"","1536x1536":"","2048x2048":"","menu-24x24":"","menu-36x36":"","menu-48x48":""},"post_excerpt_stackable_v2":"<p>The Centre for Simulations of Superdense Fluids was a research group dedicated to understanding the properties of strongly interacting matter in extreme temperatures and densities. It was established as an Incubator of Scientific Excellence under the Excellence Initiative &#8212; Research University, and active from October 2021 to the end of the year 2025. We thank the University of Wroc\u0142aw for giving us this funding and opportunity. We had fun, and did a lot of good physics! Uniwersytet Wroc\u0142awski nale\u017cy do grona dziesi\u0119ciu najlepszych uczelni w Polsce \u2013 jeste\u015bmy Uczelni\u0105 Badawcz\u0105. Otrzymujemy dodatkowe finansowanie, dzi\u0119ki kt\u00f3remu mo\u017cemy szczeg\u00f3lnie zadba\u0107 o studentki&hellip;<\/p>\n","category_list_v2":"Bez kategorii","author_info_v2":{"name":"mmatlinski","url":"https:\/\/cssf.uwr.edu.pl\/en\/author\/mmatlinski\/"},"comments_num_v2":"0 comments","acf":[],"yoast_head":"<!-- This site is optimized with the Yoast SEO plugin v27.1.1 - https:\/\/yoast.com\/product\/yoast-seo-wordpress\/ -->\n<title>The Centre for Simulations of Superdense - The Center for Simulations of Superdense Fluids - Centrum Symulacji Superg\u0119stych P\u0142yn\u00f3w<\/title>\n<meta name=\"robots\" content=\"index, follow, max-snippet:-1, max-image-preview:large, max-video-preview:-1\" \/>\n<link rel=\"canonical\" href=\"https:\/\/cssf.uwr.edu.pl\/pl\/\" \/>\n<meta property=\"og:locale\" content=\"pl_PL\" \/>\n<meta property=\"og:type\" content=\"article\" \/>\n<meta property=\"og:title\" content=\"The Centre for Simulations of Superdense - The Center for Simulations of Superdense Fluids - Centrum Symulacji Superg\u0119stych P\u0142yn\u00f3w\" \/>\n<meta property=\"og:description\" content=\"The Centre for Simulations of Superdense Fluids was a research group dedicated to understanding the properties of strongly interacting matter in extreme temperatures and densities. It was established as an Incubator of Scientific Excellence under the Excellence Initiative &#8212; Research University, and active from October 2021 to the end of the year 2025. We thank [&hellip;]\" \/>\n<meta property=\"og:url\" content=\"https:\/\/cssf.uwr.edu.pl\/pl\/\" \/>\n<meta property=\"og:site_name\" content=\"The Center for Simulations of Superdense Fluids - Centrum Symulacji Superg\u0119stych P\u0142yn\u00f3w\" \/>\n<meta property=\"article:modified_time\" content=\"2026-04-10T22:37:15+00:00\" \/>\n<meta name=\"twitter:card\" content=\"summary_large_image\" \/>\n<meta name=\"twitter:label1\" content=\"Szacowany czas czytania\" \/>\n\t<meta name=\"twitter:data1\" content=\"2 minuty\" \/>\n<script type=\"application\/ld+json\" class=\"yoast-schema-graph\">{\"@context\":\"https:\/\/schema.org\",\"@graph\":[{\"@type\":\"WebPage\",\"@id\":\"https:\/\/cssf.uwr.edu.pl\/pl\/\",\"url\":\"https:\/\/cssf.uwr.edu.pl\/pl\/\",\"name\":\"The Centre for Simulations of Superdense - The Center for Simulations of Superdense Fluids - Centrum Symulacji Superg\u0119stych P\u0142yn\u00f3w\",\"isPartOf\":{\"@id\":\"https:\/\/cssf.uwr.edu.pl\/pl\/#website\"},\"primaryImageOfPage\":{\"@id\":\"https:\/\/cssf.uwr.edu.pl\/pl\/#primaryimage\"},\"image\":{\"@id\":\"https:\/\/cssf.uwr.edu.pl\/pl\/#primaryimage\"},\"thumbnailUrl\":\"https:\/\/cssf.uwr.edu.pl\/wp-content\/uploads\/sites\/276\/2022\/06\/Group-609-1-3.svg\",\"datePublished\":\"2021-04-12T10:11:49+00:00\",\"dateModified\":\"2026-04-10T22:37:15+00:00\",\"breadcrumb\":{\"@id\":\"https:\/\/cssf.uwr.edu.pl\/pl\/#breadcrumb\"},\"inLanguage\":\"pl-PL\",\"potentialAction\":[{\"@type\":\"ReadAction\",\"target\":[\"https:\/\/cssf.uwr.edu.pl\/pl\/\"]}]},{\"@type\":\"ImageObject\",\"inLanguage\":\"pl-PL\",\"@id\":\"https:\/\/cssf.uwr.edu.pl\/pl\/#primaryimage\",\"url\":\"https:\/\/cssf.uwr.edu.pl\/wp-content\/uploads\/sites\/276\/2022\/06\/Group-609-1-3.svg\",\"contentUrl\":\"https:\/\/cssf.uwr.edu.pl\/wp-content\/uploads\/sites\/276\/2022\/06\/Group-609-1-3.svg\"},{\"@type\":\"BreadcrumbList\",\"@id\":\"https:\/\/cssf.uwr.edu.pl\/pl\/#breadcrumb\",\"itemListElement\":[{\"@type\":\"ListItem\",\"position\":1,\"name\":\"Strona g\u0142\u00f3wna\",\"item\":\"https:\/\/cssf.uwr.edu.pl\/pl\/\"},{\"@type\":\"ListItem\",\"position\":2,\"name\":\"The Centre for Simulations of Superdense\"}]},{\"@type\":\"WebSite\",\"@id\":\"https:\/\/cssf.uwr.edu.pl\/pl\/#website\",\"url\":\"https:\/\/cssf.uwr.edu.pl\/pl\/\",\"name\":\"The Center for Simulations of Superdense Fluids - Centrum Symulacji Superg\u0119stych P\u0142yn\u00f3w\",\"description\":\"Kolejna witryna sieci \u201eUWR Witryny\u201d\",\"publisher\":{\"@id\":\"https:\/\/cssf.uwr.edu.pl\/pl\/#organization\"},\"potentialAction\":[{\"@type\":\"SearchAction\",\"target\":{\"@type\":\"EntryPoint\",\"urlTemplate\":\"https:\/\/cssf.uwr.edu.pl\/pl\/?s={search_term_string}\"},\"query-input\":{\"@type\":\"PropertyValueSpecification\",\"valueRequired\":true,\"valueName\":\"search_term_string\"}}],\"inLanguage\":\"pl-PL\"},{\"@type\":\"Organization\",\"@id\":\"https:\/\/cssf.uwr.edu.pl\/pl\/#organization\",\"name\":\"The Center for Simulations of Superdense Fluids - Centrum Symulacji Superg\u0119stych P\u0142yn\u00f3w\",\"url\":\"https:\/\/cssf.uwr.edu.pl\/pl\/\",\"logo\":{\"@type\":\"ImageObject\",\"inLanguage\":\"pl-PL\",\"@id\":\"https:\/\/cssf.uwr.edu.pl\/pl\/#\/schema\/logo\/image\/\",\"url\":\"https:\/\/cssf.uwr.edu.pl\/wp-content\/uploads\/sites\/276\/2025\/10\/UWr-logotyp-2025.png\",\"contentUrl\":\"https:\/\/cssf.uwr.edu.pl\/wp-content\/uploads\/sites\/276\/2025\/10\/UWr-logotyp-2025.png\",\"width\":764,\"height\":269,\"caption\":\"The Center for Simulations of Superdense Fluids - Centrum Symulacji Superg\u0119stych P\u0142yn\u00f3w\"},\"image\":{\"@id\":\"https:\/\/cssf.uwr.edu.pl\/pl\/#\/schema\/logo\/image\/\"}}]}<\/script>\n<!-- \/ Yoast SEO plugin. -->","yoast_head_json":{"title":"The Centre for Simulations of Superdense - The Center for Simulations of Superdense Fluids - Centrum Symulacji Superg\u0119stych P\u0142yn\u00f3w","robots":{"index":"index","follow":"follow","max-snippet":"max-snippet:-1","max-image-preview":"max-image-preview:large","max-video-preview":"max-video-preview:-1"},"canonical":"https:\/\/cssf.uwr.edu.pl\/pl\/","og_locale":"pl_PL","og_type":"article","og_title":"The Centre for Simulations of Superdense - The Center for Simulations of Superdense Fluids - Centrum Symulacji Superg\u0119stych P\u0142yn\u00f3w","og_description":"The Centre for Simulations of Superdense Fluids was a research group dedicated to understanding the properties of strongly interacting matter in extreme temperatures and densities. It was established as an Incubator of Scientific Excellence under the Excellence Initiative &#8212; Research University, and active from October 2021 to the end of the year 2025. We thank [&hellip;]","og_url":"https:\/\/cssf.uwr.edu.pl\/pl\/","og_site_name":"The Center for Simulations of Superdense Fluids - Centrum Symulacji Superg\u0119stych P\u0142yn\u00f3w","article_modified_time":"2026-04-10T22:37:15+00:00","twitter_card":"summary_large_image","twitter_misc":{"Szacowany czas czytania":"2 minuty"},"schema":{"@context":"https:\/\/schema.org","@graph":[{"@type":"WebPage","@id":"https:\/\/cssf.uwr.edu.pl\/pl\/","url":"https:\/\/cssf.uwr.edu.pl\/pl\/","name":"The Centre for Simulations of Superdense - The Center for Simulations of Superdense Fluids - Centrum Symulacji Superg\u0119stych P\u0142yn\u00f3w","isPartOf":{"@id":"https:\/\/cssf.uwr.edu.pl\/pl\/#website"},"primaryImageOfPage":{"@id":"https:\/\/cssf.uwr.edu.pl\/pl\/#primaryimage"},"image":{"@id":"https:\/\/cssf.uwr.edu.pl\/pl\/#primaryimage"},"thumbnailUrl":"https:\/\/cssf.uwr.edu.pl\/wp-content\/uploads\/sites\/276\/2022\/06\/Group-609-1-3.svg","datePublished":"2021-04-12T10:11:49+00:00","dateModified":"2026-04-10T22:37:15+00:00","breadcrumb":{"@id":"https:\/\/cssf.uwr.edu.pl\/pl\/#breadcrumb"},"inLanguage":"pl-PL","potentialAction":[{"@type":"ReadAction","target":["https:\/\/cssf.uwr.edu.pl\/pl\/"]}]},{"@type":"ImageObject","inLanguage":"pl-PL","@id":"https:\/\/cssf.uwr.edu.pl\/pl\/#primaryimage","url":"https:\/\/cssf.uwr.edu.pl\/wp-content\/uploads\/sites\/276\/2022\/06\/Group-609-1-3.svg","contentUrl":"https:\/\/cssf.uwr.edu.pl\/wp-content\/uploads\/sites\/276\/2022\/06\/Group-609-1-3.svg"},{"@type":"BreadcrumbList","@id":"https:\/\/cssf.uwr.edu.pl\/pl\/#breadcrumb","itemListElement":[{"@type":"ListItem","position":1,"name":"Strona g\u0142\u00f3wna","item":"https:\/\/cssf.uwr.edu.pl\/pl\/"},{"@type":"ListItem","position":2,"name":"The Centre for Simulations of Superdense"}]},{"@type":"WebSite","@id":"https:\/\/cssf.uwr.edu.pl\/pl\/#website","url":"https:\/\/cssf.uwr.edu.pl\/pl\/","name":"The Center for Simulations of Superdense Fluids - Centrum Symulacji Superg\u0119stych P\u0142yn\u00f3w","description":"Kolejna witryna sieci \u201eUWR Witryny\u201d","publisher":{"@id":"https:\/\/cssf.uwr.edu.pl\/pl\/#organization"},"potentialAction":[{"@type":"SearchAction","target":{"@type":"EntryPoint","urlTemplate":"https:\/\/cssf.uwr.edu.pl\/pl\/?s={search_term_string}"},"query-input":{"@type":"PropertyValueSpecification","valueRequired":true,"valueName":"search_term_string"}}],"inLanguage":"pl-PL"},{"@type":"Organization","@id":"https:\/\/cssf.uwr.edu.pl\/pl\/#organization","name":"The Center for Simulations of Superdense Fluids - Centrum Symulacji Superg\u0119stych P\u0142yn\u00f3w","url":"https:\/\/cssf.uwr.edu.pl\/pl\/","logo":{"@type":"ImageObject","inLanguage":"pl-PL","@id":"https:\/\/cssf.uwr.edu.pl\/pl\/#\/schema\/logo\/image\/","url":"https:\/\/cssf.uwr.edu.pl\/wp-content\/uploads\/sites\/276\/2025\/10\/UWr-logotyp-2025.png","contentUrl":"https:\/\/cssf.uwr.edu.pl\/wp-content\/uploads\/sites\/276\/2025\/10\/UWr-logotyp-2025.png","width":764,"height":269,"caption":"The Center for Simulations of Superdense Fluids - Centrum Symulacji Superg\u0119stych P\u0142yn\u00f3w"},"image":{"@id":"https:\/\/cssf.uwr.edu.pl\/pl\/#\/schema\/logo\/image\/"}}]}},"publishpress_future_action":{"enabled":false,"date":"2026-04-20 18:58:26","action":"change-status","newStatus":"draft","terms":[],"taxonomy":"category","extraData":[]},"publishpress_future_workflow_manual_trigger":{"enabledWorkflows":[]},"_links":{"self":[{"href":"https:\/\/cssf.uwr.edu.pl\/en\/wp-json\/wp\/v2\/pages\/30","targetHints":{"allow":["GET"]}}],"collection":[{"href":"https:\/\/cssf.uwr.edu.pl\/en\/wp-json\/wp\/v2\/pages"}],"about":[{"href":"https:\/\/cssf.uwr.edu.pl\/en\/wp-json\/wp\/v2\/types\/page"}],"author":[{"embeddable":true,"href":"https:\/\/cssf.uwr.edu.pl\/en\/wp-json\/wp\/v2\/users\/20"}],"replies":[{"embeddable":true,"href":"https:\/\/cssf.uwr.edu.pl\/en\/wp-json\/wp\/v2\/comments?post=30"}],"version-history":[{"count":38,"href":"https:\/\/cssf.uwr.edu.pl\/en\/wp-json\/wp\/v2\/pages\/30\/revisions"}],"predecessor-version":[{"id":24838,"href":"https:\/\/cssf.uwr.edu.pl\/en\/wp-json\/wp\/v2\/pages\/30\/revisions\/24838"}],"wp:attachment":[{"href":"https:\/\/cssf.uwr.edu.pl\/en\/wp-json\/wp\/v2\/media?parent=30"}],"wp:term":[{"taxonomy":"category","embeddable":true,"href":"https:\/\/cssf.uwr.edu.pl\/en\/wp-json\/wp\/v2\/categories?post=30"},{"taxonomy":"post_tag","embeddable":true,"href":"https:\/\/cssf.uwr.edu.pl\/en\/wp-json\/wp\/v2\/tags?post=30"}],"curies":[{"name":"wp","href":"https:\/\/api.w.org\/{rel}","templated":true}]}}